{"id":8529,"date":"2023-11-28T14:31:50","date_gmt":"2023-11-28T14:31:50","guid":{"rendered":"https:\/\/leosparts.com\/?page_id=8529"},"modified":"2024-04-09T21:07:59","modified_gmt":"2024-04-09T21:07:59","slug":"terminos-de-garantia","status":"publish","type":"page","link":"https:\/\/leosparts.com\/?page_id=8529","title":{"rendered":"Terminos de garant\u00eda"},"content":{"rendered":"\t\t<div data-elementor-type=\"wp-page\" data-elementor-id=\"8529\" class=\"elementor elementor-8529\">\n\t\t\t\t\t\t<section class=\"elementor-section elementor-top-section elementor-element elementor-element-8bbb8a2 elementor-section-boxed elementor-section-height-default elementor-section-height-default wd-section-disabled\" data-id=\"8bbb8a2\" data-element_type=\"section\">\n\t\t\t\t\t\t<div class=\"elementor-container elementor-column-gap-default\">\n\t\t\t\t\t<div class=\"elementor-column elementor-col-16 elementor-top-column elementor-element elementor-element-b5e84bd\" data-id=\"b5e84bd\" data-element_type=\"column\">\n\t\t\t<div class=\"elementor-widget-wrap\">\n\t\t\t\t\t\t\t<\/div>\n\t\t<\/div>\n\t\t\t\t<div class=\"elementor-column elementor-col-66 elementor-top-column elementor-element elementor-element-26bf64f\" data-id=\"26bf64f\" data-element_type=\"column\">\n\t\t\t<div class=\"elementor-widget-wrap elementor-element-populated\">\n\t\t\t\t\t\t<div class=\"elementor-element elementor-element-44fe912 color-scheme-inherit text-left elementor-widget elementor-widget-text-editor\" data-id=\"44fe912\" data-element_type=\"widget\" data-widget_type=\"text-editor.default\">\n\t\t\t\t<div class=\"elementor-widget-container\">\n\t\t\t\t\t\t\t\t\t<h2 style=\"text-align: center;\"><strong>T\u00e9rminos de Garant\u00eda<\/strong><\/h2><p><strong>Duraci\u00f3n de la Garant\u00eda:<\/strong> Todos nuestros productos est\u00e1n respaldados por una garant\u00eda de 1 a\u00f1o a partir de la fecha de compra.<\/p><p><strong>Cobertura:<\/strong> La garant\u00eda cubre exclusivamente defectos de material y de fabricaci\u00f3n. No cubre da\u00f1os causados por accidentes o ca\u00eddas.<\/p><p><strong>Exclusiones:<\/strong> La garant\u00eda no cubre da\u00f1os causados por mal uso, accidentes o ca\u00eddas.<\/p><p><strong>Proceso de Reclamaci\u00f3n:<\/strong> En caso de necesitar hacer una reclamaci\u00f3n de garant\u00eda, por favor cont\u00e1ctenos a trav\u00e9s de correo electr\u00f3nico a contacto@leosparts.com o por WhatsApp al 912 389 754, indicando el desperfecto del accesorio para que podamos asistirlo adecuadamente.<\/p><p><strong>Pruebas o Documentaci\u00f3n Requerida:<\/strong> Para respaldar su reclamaci\u00f3n de garant\u00eda, es necesario presentar la boleta de compra, as\u00ed como fotograf\u00edas o videos del accesorio en reclamo.<\/p><p><strong>Costos Asociados:<\/strong> Los clientes son responsables de los costos asociados con el env\u00edo de devoluci\u00f3n del producto.<\/p><p><strong>Sustituci\u00f3n o Reparaci\u00f3n:<\/strong> En caso de una reclamaci\u00f3n exitosa, ofrecemos reparaci\u00f3n o sustituci\u00f3n del producto.<\/p><p><strong>Proceso de Devoluci\u00f3n:<\/strong> El proceso de devoluci\u00f3n en el contexto de la garant\u00eda se activa cuando el accesorio presenta alg\u00fan desperfecto de material o de fabricaci\u00f3n.<\/p><p><strong>Condiciones de Uso:<\/strong> Se espera que los clientes no modifiquen el producto ni lo sobrecarguen m\u00e1s all\u00e1 de su capacidad de peso recomendada.<\/p><p><strong>Atenci\u00f3n al Cliente:<\/strong> Para cualquier consulta relacionada con problemas de garant\u00eda, los clientes pueden comunicarse con nuestro servicio de atenci\u00f3n al cliente llamando al 912 389 754 o escribiendo a contacto@leosparts.com.<\/p><p><strong>Restricciones Geogr\u00e1ficas:<\/strong> Nuestras garant\u00edas son v\u00e1lidas a nivel nacional (Per\u00fa).<\/p><p><strong>Transferencia de Garant\u00eda:<\/strong> Las garant\u00edas son intransferibles y est\u00e1n ligadas al comprador original del producto.<\/p>\t\t\t\t\t\t\t\t<\/div>\n\t\t\t\t<\/div>\n\t\t\t\t\t<\/div>\n\t\t<\/div>\n\t\t\t\t<div class=\"elementor-column elementor-col-16 elementor-top-column elementor-element elementor-element-f58a6b1\" data-id=\"f58a6b1\" data-element_type=\"column\">\n\t\t\t<div class=\"elementor-widget-wrap\">\n\t\t\t\t\t\t\t<\/div>\n\t\t<\/div>\n\t\t\t\t\t<\/div>\n\t\t<\/section>\n\t\t\t\t<\/div>\n\t\t","protected":false},"excerpt":{"rendered":"<p>T\u00e9rminos de Garant\u00eda Duraci\u00f3n de la Garant\u00eda: Todos nuestros productos est\u00e1n respaldados por una garant\u00eda de 1 a\u00f1o a partir<\/p>\n","protected":false},"author":2,"featured_media":0,"parent":0,"menu_order":0,"comment_status":"closed","ping_status":"closed","template":"elementor_header_footer","meta":{"footnotes":""},"class_list":["post-8529","page","type-page","status-publish","hentry"],"_links":{"self":[{"href":"https:\/\/leosparts.com\/index.php?rest_route=\/wp\/v2\/pages\/8529","targetHints":{"allow":["GET"]}}],"collection":[{"href":"https:\/\/leosparts.com\/index.php?rest_route=\/wp\/v2\/pages"}],"about":[{"href":"https:\/\/leosparts.com\/index.php?rest_route=\/wp\/v2\/types\/page"}],"author":[{"embeddable":true,"href":"https:\/\/leosparts.com\/index.php?rest_route=\/wp\/v2\/users\/2"}],"replies":[{"embeddable":true,"href":"https:\/\/leosparts.com\/index.php?rest_route=%2Fwp%2Fv2%2Fcomments&post=8529"}],"version-history":[{"count":4,"href":"https:\/\/leosparts.com\/index.php?rest_route=\/wp\/v2\/pages\/8529\/revisions"}],"predecessor-version":[{"id":9918,"href":"https:\/\/leosparts.com\/index.php?rest_route=\/wp\/v2\/pages\/8529\/revisions\/9918"}],"wp:attachment":[{"href":"https:\/\/leosparts.com\/index.php?rest_route=%2Fwp%2Fv2%2Fmedia&parent=8529"}],"curies":[{"name":"wp","href":"https:\/\/api.w.org\/{rel}","templated":true}]}}