{"id":8532,"date":"2023-11-28T14:37:50","date_gmt":"2023-11-28T14:37:50","guid":{"rendered":"https:\/\/leosparts.com\/?page_id=8532"},"modified":"2024-04-09T18:20:18","modified_gmt":"2024-04-09T18:20:18","slug":"politicas-de-privacidad","status":"publish","type":"page","link":"https:\/\/leosparts.com\/?page_id=8532","title":{"rendered":"Pol\u00edtica de Privacidad"},"content":{"rendered":"\t\t<div data-elementor-type=\"wp-page\" data-elementor-id=\"8532\" class=\"elementor elementor-8532\">\n\t\t\t\t\t\t<section class=\"elementor-section elementor-top-section elementor-element elementor-element-edadc06 elementor-section-boxed elementor-section-height-default elementor-section-height-default wd-section-disabled\" data-id=\"edadc06\" data-element_type=\"section\">\n\t\t\t\t\t\t<div class=\"elementor-container elementor-column-gap-default\">\n\t\t\t\t\t<div class=\"elementor-column elementor-col-16 elementor-top-column elementor-element elementor-element-8556eed\" data-id=\"8556eed\" data-element_type=\"column\">\n\t\t\t<div class=\"elementor-widget-wrap\">\n\t\t\t\t\t\t\t<\/div>\n\t\t<\/div>\n\t\t\t\t<div class=\"elementor-column elementor-col-66 elementor-top-column elementor-element elementor-element-b8ca74c\" data-id=\"b8ca74c\" data-element_type=\"column\">\n\t\t\t<div class=\"elementor-widget-wrap elementor-element-populated\">\n\t\t\t\t\t\t<div class=\"elementor-element elementor-element-f4f5426 elementor-widget elementor-widget-wd_text_block\" data-id=\"f4f5426\" data-element_type=\"widget\" data-widget_type=\"wd_text_block.default\">\n\t\t\t\t<div class=\"elementor-widget-container\">\n\t\t\t\t\t\t\t\t<link rel=\"stylesheet\" id=\"wd-text-block-css\" href=\"https:\/\/leosparts.com\/wp-content\/themes\/woodmart\/css\/parts\/el-text-block.min.css?ver=6.2.3\" type=\"text\/css\" media=\"all\" \/> \t\t\t\t\t<div class=\"wd-text-block reset-last-child text-left\">\n\t\t\t\n\t\t\t<h2 style=\"text-align: center;\"><strong>Pol\u00edtica de Privacidad<\/strong><\/h2><p>Agradecemos tu inter\u00e9s en LEO\u2019S PARTS y tu visita a nuestro sitio web. La privacidad de nuestros clientes es de suma importancia para nosotros, y nos comprometemos a proteger la informaci\u00f3n personal que nos proporcionas. Esta Pol\u00edtica de Privacidad explica c\u00f3mo recopilamos, usamos y protegemos tu informaci\u00f3n cuando visitas nuestro sitio web y realizas compras.<\/p><p><strong>Informaci\u00f3n que Recopilamos:<\/strong><\/p><p>Informaci\u00f3n Personal: Recopilamos informaci\u00f3n que nos proporcionas directamente, como tu nombre, direcci\u00f3n, direcci\u00f3n de correo electr\u00f3nico, n\u00famero de tel\u00e9fono, etc., durante el proceso de compra.<\/p><p>Informaci\u00f3n Autom\u00e1tica: Podemos recopilar informaci\u00f3n autom\u00e1ticamente, como direcciones IP, tipo de navegador, p\u00e1ginas visitadas y tiempo de permanencia en el sitio.<\/p><p><strong>Informaci\u00f3n de Pago:<\/strong><\/p><p>Para garantizar la seguridad de tus transacciones, utilizamos un servicio de procesamiento de pagos de terceros. No almacenamos ni gestionamos directamente la informaci\u00f3n de pago, como n\u00fameros de tarjetas de cr\u00e9dito. Toda la informaci\u00f3n relacionada con el pago se maneja de manera segura a trav\u00e9s de nuestro proveedor de servicios de pago.<\/p><p>Nuestro proveedor de servicios de pago sigue est\u00e1ndares estrictos de seguridad y cifrado para proteger tu informaci\u00f3n financiera. Al realizar una compra, estar\u00e1s sujeto a los t\u00e9rminos y condiciones de nuestro proveedor de servicios de pago, adem\u00e1s de los de LEO\u2019S PARTS.<\/p><p>Si tienes alguna pregunta espec\u00edfica sobre la seguridad de los pagos o el procesamiento de la informaci\u00f3n financiera, no dudes en ponerte en contacto con nosotros a trav\u00e9s de contacto@leosparts.com<\/p><p><strong>C\u00f3mo Utilizamos tu Informaci\u00f3n:<\/strong><\/p><p>Procesamiento de Pedidos: Utilizamos la informaci\u00f3n para procesar y cumplir con tus pedidos, as\u00ed como para comunicarnos contigo sobre ellos.<\/p><p>Mejora de Servicios: Analizamos datos para mejorar nuestros productos, servicios y la experiencia del usuario en el sitio web.<\/p><p>Marketing y Comunicaci\u00f3n: Podemos utilizar tu informaci\u00f3n para enviarte comunicaciones de marketing relacionadas con nuestros productos o servicios, siempre que hayas dado tu consentimiento.<\/p><p><strong>C\u00f3mo Compartimos tu Informaci\u00f3n:<\/strong><\/p><p>Garantizamos que tu informaci\u00f3n personal no se comparta, venda ni alquile a terceros sin tu consentimiento, excepto cuando sea necesario para cumplir con la ley o proteger nuestros derechos.<\/p><p><strong>Seguridad de la Informaci\u00f3n:<\/strong><\/p><p>Implementamos medidas de seguridad para proteger tu informaci\u00f3n contra accesos no autorizados, p\u00e9rdida, alteraci\u00f3n o divulgaci\u00f3n.<\/p><p><strong>Tus Derechos:<\/strong><\/p><p>Tienes derecho a acceder, corregir, eliminar o solicitar la transferencia de tu informaci\u00f3n personal. Puedes hacerlo contact\u00e1ndonos a trav\u00e9s de la informaci\u00f3n de contacto proporcionada al final de esta pol\u00edtica.<\/p><p><strong>Cambios en la Pol\u00edtica de Privacidad:<\/strong><\/p><p>Nos reservamos el derecho de actualizar nuestra pol\u00edtica de privacidad. Cualquier cambio se reflejar\u00e1 en esta p\u00e1gina con una fecha de revisi\u00f3n actualizada.<\/p><p><strong>Contacto:<\/strong><\/p><p>Si tienes preguntas sobre nuestra pol\u00edtica de privacidad, por favor cont\u00e1ctanos a trav\u00e9s de <a href=\"mailto:contacto@leosparts.com\">contacto@leosparts.com<\/a><\/p><p><strong>\u00daltima actualizaci\u00f3n<\/strong><\/p><p>Esta pol\u00edtica de privacidad fue actualizada por \u00faltima vez el 02 de enero de 2024.<\/p>\n\t\t\t\t\t<\/div>\n\t\t\t\t\t\t<\/div>\n\t\t\t\t<\/div>\n\t\t\t\t\t<\/div>\n\t\t<\/div>\n\t\t\t\t<div class=\"elementor-column elementor-col-16 elementor-top-column elementor-element elementor-element-4a4cc90\" data-id=\"4a4cc90\" data-element_type=\"column\">\n\t\t\t<div class=\"elementor-widget-wrap\">\n\t\t\t\t\t\t\t<\/div>\n\t\t<\/div>\n\t\t\t\t\t<\/div>\n\t\t<\/section>\n\t\t\t\t<\/div>\n\t\t","protected":false},"excerpt":{"rendered":"<p>Pol\u00edtica de Privacidad Agradecemos tu inter\u00e9s en LEO\u2019S PARTS y tu visita a nuestro sitio web. La privacidad de nuestros<\/p>\n","protected":false},"author":2,"featured_media":0,"parent":0,"menu_order":0,"comment_status":"closed","ping_status":"closed","template":"elementor_header_footer","meta":{"footnotes":""},"class_list":["post-8532","page","type-page","status-publish","hentry"],"_links":{"self":[{"href":"https:\/\/leosparts.com\/index.php?rest_route=\/wp\/v2\/pages\/8532","targetHints":{"allow":["GET"]}}],"collection":[{"href":"https:\/\/leosparts.com\/index.php?rest_route=\/wp\/v2\/pages"}],"about":[{"href":"https:\/\/leosparts.com\/index.php?rest_route=\/wp\/v2\/types\/page"}],"author":[{"embeddable":true,"href":"https:\/\/leosparts.com\/index.php?rest_route=\/wp\/v2\/users\/2"}],"replies":[{"embeddable":true,"href":"https:\/\/leosparts.com\/index.php?rest_route=%2Fwp%2Fv2%2Fcomments&post=8532"}],"version-history":[{"count":13,"href":"https:\/\/leosparts.com\/index.php?rest_route=\/wp\/v2\/pages\/8532\/revisions"}],"predecessor-version":[{"id":9915,"href":"https:\/\/leosparts.com\/index.php?rest_route=\/wp\/v2\/pages\/8532\/revisions\/9915"}],"wp:attachment":[{"href":"https:\/\/leosparts.com\/index.php?rest_route=%2Fwp%2Fv2%2Fmedia&parent=8532"}],"curies":[{"name":"wp","href":"https:\/\/api.w.org\/{rel}","templated":true}]}}