{"id":10031,"date":"2024-08-08T22:36:40","date_gmt":"2024-08-08T22:36:40","guid":{"rendered":"https:\/\/leosparts.com\/?post_type=product&#038;p=10031"},"modified":"2024-08-08T22:37:36","modified_gmt":"2024-08-08T22:37:36","slug":"porta-placa-yamaha-r-15-v-4","status":"publish","type":"product","link":"https:\/\/leosparts.com\/?product=porta-placa-yamaha-r-15-v-4","title":{"rendered":"PORTA PLACA YAMAHA R-15 V.4"},"content":{"rendered":"<p><strong>PORTA PLACA:<\/strong><\/p>\n<p>Presentaci\u00f3n en acero satinado, tambi\u00e9n en variedad de colores y contramarcado con logotipos alusivos de la marca.<\/p>\n<p>Caracter\u00edsticas:<\/p>\n<ul>\n<li>Acero Inoxidable calidad 304 satinado<\/li>\n<\/ul>\n","protected":false},"excerpt":{"rendered":"<p>PORTA PLACA: Presentaci\u00f3n en acero satinado, tambi\u00e9n en variedad de colores y contramarcado con logotipos alusivos de la marca. Caracter\u00edsticas:<\/p>\n","protected":false},"featured_media":10033,"comment_status":"open","ping_status":"closed","template":"","meta":[],"product_cat":[15],"product_tag":[124,275,107],"class_list":{"0":"post-10031","1":"product","2":"type-product","3":"status-publish","4":"has-post-thumbnail","6":"product_cat-leosparts","7":"product_tag-porta-placa","8":"product_tag-r-15-v4","9":"product_tag-yamaha","10":"pa_marca-yamaha","12":"first","13":"instock","14":"shipping-taxable","15":"purchasable","16":"product-type-simple"},"_links":{"self":[{"href":"https:\/\/leosparts.com\/index.php?rest_route=\/wp\/v2\/product\/10031","targetHints":{"allow":["GET"]}}],"collection":[{"href":"https:\/\/leosparts.com\/index.php?rest_route=\/wp\/v2\/product"}],"about":[{"href":"https:\/\/leosparts.com\/index.php?rest_route=\/wp\/v2\/types\/product"}],"replies":[{"embeddable":true,"href":"https:\/\/leosparts.com\/index.php?rest_route=%2Fwp%2Fv2%2Fcomments&post=10031"}],"version-history":[{"count":1,"href":"https:\/\/leosparts.com\/index.php?rest_route=\/wp\/v2\/product\/10031\/revisions"}],"predecessor-version":[{"id":10034,"href":"https:\/\/leosparts.com\/index.php?rest_route=\/wp\/v2\/product\/10031\/revisions\/10034"}],"wp:featuredmedia":[{"embeddable":true,"href":"https:\/\/leosparts.com\/index.php?rest_route=\/wp\/v2\/media\/10033"}],"wp:attachment":[{"href":"https:\/\/leosparts.com\/index.php?rest_route=%2Fwp%2Fv2%2Fmedia&parent=10031"}],"wp:term":[{"taxonomy":"product_cat","embeddable":true,"href":"https:\/\/leosparts.com\/index.php?rest_route=%2Fwp%2Fv2%2Fproduct_cat&post=10031"},{"taxonomy":"product_tag","embeddable":true,"href":"https:\/\/leosparts.com\/index.php?rest_route=%2Fwp%2Fv2%2Fproduct_tag&post=10031"}],"curies":[{"name":"wp","href":"https:\/\/api.w.org\/{rel}","templated":true}]}}