{"id":10078,"date":"2024-08-09T17:14:20","date_gmt":"2024-08-09T17:14:20","guid":{"rendered":"https:\/\/leosparts.com\/?post_type=product&#038;p=10078"},"modified":"2024-08-10T15:46:14","modified_gmt":"2024-08-10T15:46:14","slug":"porta-placa-tvs-apache-310rr","status":"publish","type":"product","link":"https:\/\/leosparts.com\/?product=porta-placa-tvs-apache-310rr","title":{"rendered":"PORTA PLACA TVS APACHE 310rr &#8211; APACHE RTR 200 &#8211; APACHE 180\/160 &#8211; APACHE RTR 160 FI"},"content":{"rendered":"<p><strong>PORTA PLACA:<\/strong><\/p>\n<p>Presentaci\u00f3n en acero satinado, tambi\u00e9n en variedad de colores y contramarcado con logotipos alusivos de la marca.<\/p>\n<p>Caracter\u00edsticas:<\/p>\n<ul>\n<li>Acero Inoxidable calidad 304 satinado<\/li>\n<\/ul>\n","protected":false},"excerpt":{"rendered":"<p>PORTA PLACA: Presentaci\u00f3n en acero satinado, tambi\u00e9n en variedad de colores y contramarcado con logotipos alusivos de la marca. Caracter\u00edsticas:<\/p>\n","protected":false},"featured_media":10079,"comment_status":"open","ping_status":"closed","template":"","meta":[],"product_cat":[15],"product_tag":[285,301,291,124,110],"class_list":{"0":"post-10078","1":"product","2":"type-product","3":"status-publish","4":"has-post-thumbnail","6":"product_cat-leosparts","7":"product_tag-apache-310rr","8":"product_tag-apache-rtr-160fi","9":"product_tag-apache-rtr-200","10":"product_tag-porta-placa","11":"product_tag-tvs","12":"pa_marca-tvs","14":"first","15":"instock","16":"shipping-taxable","17":"purchasable","18":"product-type-simple"},"_links":{"self":[{"href":"https:\/\/leosparts.com\/index.php?rest_route=\/wp\/v2\/product\/10078","targetHints":{"allow":["GET"]}}],"collection":[{"href":"https:\/\/leosparts.com\/index.php?rest_route=\/wp\/v2\/product"}],"about":[{"href":"https:\/\/leosparts.com\/index.php?rest_route=\/wp\/v2\/types\/product"}],"replies":[{"embeddable":true,"href":"https:\/\/leosparts.com\/index.php?rest_route=%2Fwp%2Fv2%2Fcomments&post=10078"}],"version-history":[{"count":3,"href":"https:\/\/leosparts.com\/index.php?rest_route=\/wp\/v2\/product\/10078\/revisions"}],"predecessor-version":[{"id":10157,"href":"https:\/\/leosparts.com\/index.php?rest_route=\/wp\/v2\/product\/10078\/revisions\/10157"}],"wp:featuredmedia":[{"embeddable":true,"href":"https:\/\/leosparts.com\/index.php?rest_route=\/wp\/v2\/media\/10079"}],"wp:attachment":[{"href":"https:\/\/leosparts.com\/index.php?rest_route=%2Fwp%2Fv2%2Fmedia&parent=10078"}],"wp:term":[{"taxonomy":"product_cat","embeddable":true,"href":"https:\/\/leosparts.com\/index.php?rest_route=%2Fwp%2Fv2%2Fproduct_cat&post=10078"},{"taxonomy":"product_tag","embeddable":true,"href":"https:\/\/leosparts.com\/index.php?rest_route=%2Fwp%2Fv2%2Fproduct_tag&post=10078"}],"curies":[{"name":"wp","href":"https:\/\/api.w.org\/{rel}","templated":true}]}}