{"id":10626,"date":"2024-10-17T15:34:31","date_gmt":"2024-10-17T15:34:31","guid":{"rendered":"https:\/\/leosparts.com\/?post_type=product&#038;p=10626"},"modified":"2025-01-30T14:44:52","modified_gmt":"2025-01-30T14:44:52","slug":"slider-protector-de-pierna-con-doble-tope-benelli-tnt150-2021-2024","status":"publish","type":"product","link":"https:\/\/leosparts.com\/?product=slider-protector-de-pierna-con-doble-tope-benelli-tnt150-2021-2024","title":{"rendered":"SLIDER PROTECTOR DE PIERNA CON DOBLE TOPE BENELLI TNT-150 (2021-2024)"},"content":{"rendered":"<p><strong>PROTECTOR DE PIERNAS Y DEFENSA SLIDER NYLON:<\/strong><\/p>\n<p>El slider cumple la funci\u00f3n de proteger al conductor en una eventual ca\u00edda y de minimizar los da\u00f1os a la motocicleta.<\/p>\n<p>Caracter\u00edsticas:<\/p>\n<ul>\n<li>Fabricado en acero al carbono<\/li>\n<li>Cuenta con recubrimiento de pintura electrost\u00e1tica<\/li>\n<li>soldadura profesional<\/li>\n<li>4 topes c\u00f3nicos de alto impacto<\/li>\n<\/ul>\n","protected":false},"excerpt":{"rendered":"<p>PROTECTOR DE PIERNAS Y DEFENSA SLIDER NYLON: El slider cumple la funci\u00f3n de proteger al conductor en una eventual ca\u00edda<\/p>\n","protected":false},"featured_media":10637,"comment_status":"open","ping_status":"closed","template":"","meta":[],"product_cat":[15],"product_tag":[328,209,273,329],"class_list":{"0":"post-10626","1":"product","2":"type-product","3":"status-publish","4":"has-post-thumbnail","6":"product_cat-leosparts","7":"product_tag-benelli","8":"product_tag-protector-de-piernas","9":"product_tag-slider-doble-tope","10":"product_tag-tnt-150","11":"pa_marca-benelli","13":"first","14":"instock","15":"shipping-taxable","16":"purchasable","17":"product-type-simple"},"_links":{"self":[{"href":"https:\/\/leosparts.com\/index.php?rest_route=\/wp\/v2\/product\/10626","targetHints":{"allow":["GET"]}}],"collection":[{"href":"https:\/\/leosparts.com\/index.php?rest_route=\/wp\/v2\/product"}],"about":[{"href":"https:\/\/leosparts.com\/index.php?rest_route=\/wp\/v2\/types\/product"}],"replies":[{"embeddable":true,"href":"https:\/\/leosparts.com\/index.php?rest_route=%2Fwp%2Fv2%2Fcomments&post=10626"}],"version-history":[{"count":2,"href":"https:\/\/leosparts.com\/index.php?rest_route=\/wp\/v2\/product\/10626\/revisions"}],"predecessor-version":[{"id":11371,"href":"https:\/\/leosparts.com\/index.php?rest_route=\/wp\/v2\/product\/10626\/revisions\/11371"}],"wp:featuredmedia":[{"embeddable":true,"href":"https:\/\/leosparts.com\/index.php?rest_route=\/wp\/v2\/media\/10637"}],"wp:attachment":[{"href":"https:\/\/leosparts.com\/index.php?rest_route=%2Fwp%2Fv2%2Fmedia&parent=10626"}],"wp:term":[{"taxonomy":"product_cat","embeddable":true,"href":"https:\/\/leosparts.com\/index.php?rest_route=%2Fwp%2Fv2%2Fproduct_cat&post=10626"},{"taxonomy":"product_tag","embeddable":true,"href":"https:\/\/leosparts.com\/index.php?rest_route=%2Fwp%2Fv2%2Fproduct_tag&post=10626"}],"curies":[{"name":"wp","href":"https:\/\/api.w.org\/{rel}","templated":true}]}}