{"id":10698,"date":"2024-10-17T23:01:04","date_gmt":"2024-10-17T23:01:04","guid":{"rendered":"https:\/\/leosparts.com\/?post_type=product&#038;p=10698"},"modified":"2024-10-17T23:01:04","modified_gmt":"2024-10-17T23:01:04","slug":"slider-protector-de-pierna-tope-granada-deslizadores-yamaha-mt03","status":"publish","type":"product","link":"https:\/\/leosparts.com\/?product=slider-protector-de-pierna-tope-granada-deslizadores-yamaha-mt03","title":{"rendered":"SLIDER PROTECTOR DE PIERNA + TOPE GRANADA + DESLIZADORES YAMAHA MT03"},"content":{"rendered":"<p><strong>PROTECTOR DE PIERNAS Y DEFENSA SLIDER NYLON:<\/strong><\/p>\n<p>El slider cumple la funci\u00f3n de proteger al conductor en una eventual ca\u00edda y de minimizar los da\u00f1os a la motocicleta.<\/p>\n<p>Caracter\u00edsticas:<\/p>\n<ul>\n<li>Fabricado en acero al carbono<\/li>\n<li>Cuenta con recubrimiento de pintura electrost\u00e1tica<\/li>\n<li>Soldadura profesional<\/li>\n<li>2 topes granada CNC de alto impacto<\/li>\n<li>Deslizadores<\/li>\n<\/ul>\n","protected":false},"excerpt":{"rendered":"<p>PROTECTOR DE PIERNAS Y DEFENSA SLIDER NYLON: El slider cumple la funci\u00f3n de proteger al conductor en una eventual ca\u00edda<\/p>\n","protected":false},"featured_media":10688,"comment_status":"open","ping_status":"closed","template":"","meta":[],"product_cat":[15],"product_tag":[108,209,87,107],"class_list":{"0":"post-10698","1":"product","2":"type-product","3":"status-publish","4":"has-post-thumbnail","6":"product_cat-leosparts","7":"product_tag-mt03","8":"product_tag-protector-de-piernas","9":"product_tag-slider","10":"product_tag-yamaha","11":"pa_marca-yamaha","13":"first","14":"instock","15":"shipping-taxable","16":"purchasable","17":"product-type-simple"},"_links":{"self":[{"href":"https:\/\/leosparts.com\/index.php?rest_route=\/wp\/v2\/product\/10698","targetHints":{"allow":["GET"]}}],"collection":[{"href":"https:\/\/leosparts.com\/index.php?rest_route=\/wp\/v2\/product"}],"about":[{"href":"https:\/\/leosparts.com\/index.php?rest_route=\/wp\/v2\/types\/product"}],"replies":[{"embeddable":true,"href":"https:\/\/leosparts.com\/index.php?rest_route=%2Fwp%2Fv2%2Fcomments&post=10698"}],"version-history":[{"count":1,"href":"https:\/\/leosparts.com\/index.php?rest_route=\/wp\/v2\/product\/10698\/revisions"}],"predecessor-version":[{"id":10699,"href":"https:\/\/leosparts.com\/index.php?rest_route=\/wp\/v2\/product\/10698\/revisions\/10699"}],"wp:featuredmedia":[{"embeddable":true,"href":"https:\/\/leosparts.com\/index.php?rest_route=\/wp\/v2\/media\/10688"}],"wp:attachment":[{"href":"https:\/\/leosparts.com\/index.php?rest_route=%2Fwp%2Fv2%2Fmedia&parent=10698"}],"wp:term":[{"taxonomy":"product_cat","embeddable":true,"href":"https:\/\/leosparts.com\/index.php?rest_route=%2Fwp%2Fv2%2Fproduct_cat&post=10698"},{"taxonomy":"product_tag","embeddable":true,"href":"https:\/\/leosparts.com\/index.php?rest_route=%2Fwp%2Fv2%2Fproduct_tag&post=10698"}],"curies":[{"name":"wp","href":"https:\/\/api.w.org\/{rel}","templated":true}]}}