{"id":10743,"date":"2024-10-21T21:13:00","date_gmt":"2024-10-21T21:13:00","guid":{"rendered":"https:\/\/leosparts.com\/?post_type=product&#038;p=10743"},"modified":"2024-10-21T21:13:00","modified_gmt":"2024-10-21T21:13:00","slug":"slider-protector-de-pierna-tope-granada-cnc-yamaha-mt15","status":"publish","type":"product","link":"https:\/\/leosparts.com\/?product=slider-protector-de-pierna-tope-granada-cnc-yamaha-mt15","title":{"rendered":"SLIDER PROTECTOR DE PIERNA + TOPE GRANADA CNC YAMAHA MT15"},"content":{"rendered":"<p><strong>PROTECTOR DE PIERNAS Y DEFENSA SLIDER NYLON:<\/strong><\/p>\n<p>El slider cumple la funci\u00f3n de proteger al conductor en una eventual ca\u00edda y de minimizar los da\u00f1os a la motocicleta.<\/p>\n<p>Caracter\u00edsticas:<\/p>\n<ul>\n<li>Fabricado en acero al carbono<\/li>\n<li>Cuenta con recubrimiento de pintura electrost\u00e1tica<\/li>\n<li>soldadura profesional<\/li>\n<li>2 topes c\u00f3nicos de alto impacto<\/li>\n<\/ul>\n","protected":false},"excerpt":{"rendered":"<p>PROTECTOR DE PIERNAS Y DEFENSA SLIDER NYLON: El slider cumple la funci\u00f3n de proteger al conductor en una eventual ca\u00edda<\/p>\n","protected":false},"featured_media":10744,"comment_status":"open","ping_status":"closed","template":"","meta":[],"product_cat":[15],"product_tag":[332,209,87,107],"class_list":{"0":"post-10743","1":"product","2":"type-product","3":"status-publish","4":"has-post-thumbnail","6":"product_cat-leosparts","7":"product_tag-mt15","8":"product_tag-protector-de-piernas","9":"product_tag-slider","10":"product_tag-yamaha","11":"pa_marca-yamaha","13":"first","14":"instock","15":"shipping-taxable","16":"purchasable","17":"product-type-simple"},"_links":{"self":[{"href":"https:\/\/leosparts.com\/index.php?rest_route=\/wp\/v2\/product\/10743","targetHints":{"allow":["GET"]}}],"collection":[{"href":"https:\/\/leosparts.com\/index.php?rest_route=\/wp\/v2\/product"}],"about":[{"href":"https:\/\/leosparts.com\/index.php?rest_route=\/wp\/v2\/types\/product"}],"replies":[{"embeddable":true,"href":"https:\/\/leosparts.com\/index.php?rest_route=%2Fwp%2Fv2%2Fcomments&post=10743"}],"version-history":[{"count":1,"href":"https:\/\/leosparts.com\/index.php?rest_route=\/wp\/v2\/product\/10743\/revisions"}],"predecessor-version":[{"id":10752,"href":"https:\/\/leosparts.com\/index.php?rest_route=\/wp\/v2\/product\/10743\/revisions\/10752"}],"wp:featuredmedia":[{"embeddable":true,"href":"https:\/\/leosparts.com\/index.php?rest_route=\/wp\/v2\/media\/10744"}],"wp:attachment":[{"href":"https:\/\/leosparts.com\/index.php?rest_route=%2Fwp%2Fv2%2Fmedia&parent=10743"}],"wp:term":[{"taxonomy":"product_cat","embeddable":true,"href":"https:\/\/leosparts.com\/index.php?rest_route=%2Fwp%2Fv2%2Fproduct_cat&post=10743"},{"taxonomy":"product_tag","embeddable":true,"href":"https:\/\/leosparts.com\/index.php?rest_route=%2Fwp%2Fv2%2Fproduct_tag&post=10743"}],"curies":[{"name":"wp","href":"https:\/\/api.w.org\/{rel}","templated":true}]}}