{"id":381,"date":"2021-08-27T12:02:01","date_gmt":"2021-08-27T12:02:01","guid":{"rendered":"http:\/\/dummy.xtemos.com\/woodmart2\/elementor\/?post_type=product&#038;p=381"},"modified":"2024-04-05T17:32:17","modified_gmt":"2024-04-05T17:32:17","slug":"protector-de-mascara-pulsar-180-150-neon-bajaj","status":"publish","type":"product","link":"https:\/\/leosparts.com\/?product=protector-de-mascara-pulsar-180-150-neon-bajaj","title":{"rendered":"PROTECTOR DE MASCARA PULSAR 180 \/ 150 NEON BAJAJ"},"content":{"rendered":"<p><strong>Protector de mascara:<\/strong><\/p>\n<p>Nuestro protector de m\u00e1scara, es un accesorio dise\u00f1ado para ofrecer protecci\u00f3n adicional a los faros de la moto.<\/p>\n<p>Caracter\u00edsticas<\/p>\n<p>-Fabricado en acero al Carbono<\/p>\n<p>-Cuenta con recubrimiento de pintura electrost\u00e1tica<\/p>\n<p>-Soldadura profesional<\/p>\n","protected":false},"excerpt":{"rendered":"<p><strong>Caracter\u00edsticas<\/strong><\/p>\n<p>-Fabricado en acero al Carbono<\/p>\n<p>-Cuenta con recubrimiento de pintura electrost\u00e1tica<\/p>\n<p>-Soldadura profesional<\/p>\n","protected":false},"featured_media":8776,"comment_status":"open","ping_status":"closed","template":"","meta":[],"product_cat":[15],"product_tag":[97,82,112],"class_list":{"0":"post-381","1":"product","2":"type-product","3":"status-publish","4":"has-post-thumbnail","6":"product_cat-leosparts","7":"product_tag-bajaj","8":"product_tag-protector","9":"product_tag-pulsar-180-150-neon","10":"pa_marca-bajaj","12":"first","13":"instock","14":"shipping-taxable","15":"purchasable","16":"product-type-simple"},"_links":{"self":[{"href":"https:\/\/leosparts.com\/index.php?rest_route=\/wp\/v2\/product\/381","targetHints":{"allow":["GET"]}}],"collection":[{"href":"https:\/\/leosparts.com\/index.php?rest_route=\/wp\/v2\/product"}],"about":[{"href":"https:\/\/leosparts.com\/index.php?rest_route=\/wp\/v2\/types\/product"}],"replies":[{"embeddable":true,"href":"https:\/\/leosparts.com\/index.php?rest_route=%2Fwp%2Fv2%2Fcomments&post=381"}],"version-history":[{"count":7,"href":"https:\/\/leosparts.com\/index.php?rest_route=\/wp\/v2\/product\/381\/revisions"}],"predecessor-version":[{"id":9890,"href":"https:\/\/leosparts.com\/index.php?rest_route=\/wp\/v2\/product\/381\/revisions\/9890"}],"wp:featuredmedia":[{"embeddable":true,"href":"https:\/\/leosparts.com\/index.php?rest_route=\/wp\/v2\/media\/8776"}],"wp:attachment":[{"href":"https:\/\/leosparts.com\/index.php?rest_route=%2Fwp%2Fv2%2Fmedia&parent=381"}],"wp:term":[{"taxonomy":"product_cat","embeddable":true,"href":"https:\/\/leosparts.com\/index.php?rest_route=%2Fwp%2Fv2%2Fproduct_cat&post=381"},{"taxonomy":"product_tag","embeddable":true,"href":"https:\/\/leosparts.com\/index.php?rest_route=%2Fwp%2Fv2%2Fproduct_tag&post=381"}],"curies":[{"name":"wp","href":"https:\/\/api.w.org\/{rel}","templated":true}]}}