{"id":8832,"date":"2024-01-25T16:52:51","date_gmt":"2024-01-25T16:52:51","guid":{"rendered":"https:\/\/leosparts.com\/?post_type=product&#038;p=8832"},"modified":"2024-01-30T17:14:54","modified_gmt":"2024-01-30T17:14:54","slug":"slider-hero-xpulse-200","status":"publish","type":"product","link":"https:\/\/leosparts.com\/?product=slider-hero-xpulse-200","title":{"rendered":"SLIDER HERO XPULSE 200"},"content":{"rendered":"<p><strong>Protector de piernas y defensa Slider nylon:<\/strong><\/p>\n<p>El slider cumple la funci\u00f3n de proteger los amortiguadores, luces, mordazas. Est\u00e1n ubicadas cubriendo el cuerpo de la motocicleta, es importante que se proteja el motor y otras partes dif\u00edciles de reemplazar.<\/p>\n<p>Caracter\u00edsticas de slider:<\/p>\n<p>-Est\u00e1 fabricado en acero inoxidable<\/p>\n<p>-Cuenta con recubrimiento de pintura electrost\u00e1tica<\/p>\n<p>-Con soldadura profesional<\/p>\n","protected":false},"excerpt":{"rendered":"<p><strong>Protector de piernas y defensa Slider nylon:<\/strong><\/p>\n<p>El slider cumple la funci\u00f3n de proteger los amortiguadores, luces, mordazas. Est\u00e1n ubicadas cubriendo el cuerpo de la motocicleta, es importante que se proteja el motor y otras partes dif\u00edciles de reemplazar.<\/p>\n<p>Caracter\u00edsticas de slider:<\/p>\n<p>-Est\u00e1 fabricado en acero inoxidable<\/p>\n<p>-Cuenta con recubrimiento de pintura electrost\u00e1tica<\/p>\n<p>-Con soldadura profesional<\/p>\n","protected":false},"featured_media":8833,"comment_status":"open","ping_status":"closed","template":"","meta":[],"product_cat":[15],"product_tag":[88,81,87],"class_list":{"0":"post-8832","1":"product","2":"type-product","3":"status-publish","4":"has-post-thumbnail","6":"product_cat-leosparts","7":"product_tag-defensa","8":"product_tag-hero","9":"product_tag-slider","10":"pa_marca-hero","12":"first","13":"instock","14":"shipping-taxable","15":"purchasable","16":"product-type-simple"},"_links":{"self":[{"href":"https:\/\/leosparts.com\/index.php?rest_route=\/wp\/v2\/product\/8832","targetHints":{"allow":["GET"]}}],"collection":[{"href":"https:\/\/leosparts.com\/index.php?rest_route=\/wp\/v2\/product"}],"about":[{"href":"https:\/\/leosparts.com\/index.php?rest_route=\/wp\/v2\/types\/product"}],"replies":[{"embeddable":true,"href":"https:\/\/leosparts.com\/index.php?rest_route=%2Fwp%2Fv2%2Fcomments&post=8832"}],"version-history":[{"count":1,"href":"https:\/\/leosparts.com\/index.php?rest_route=\/wp\/v2\/product\/8832\/revisions"}],"predecessor-version":[{"id":8836,"href":"https:\/\/leosparts.com\/index.php?rest_route=\/wp\/v2\/product\/8832\/revisions\/8836"}],"wp:featuredmedia":[{"embeddable":true,"href":"https:\/\/leosparts.com\/index.php?rest_route=\/wp\/v2\/media\/8833"}],"wp:attachment":[{"href":"https:\/\/leosparts.com\/index.php?rest_route=%2Fwp%2Fv2%2Fmedia&parent=8832"}],"wp:term":[{"taxonomy":"product_cat","embeddable":true,"href":"https:\/\/leosparts.com\/index.php?rest_route=%2Fwp%2Fv2%2Fproduct_cat&post=8832"},{"taxonomy":"product_tag","embeddable":true,"href":"https:\/\/leosparts.com\/index.php?rest_route=%2Fwp%2Fv2%2Fproduct_tag&post=8832"}],"curies":[{"name":"wp","href":"https:\/\/api.w.org\/{rel}","templated":true}]}}