{"id":8890,"date":"2024-01-30T20:22:34","date_gmt":"2024-01-30T20:22:34","guid":{"rendered":"https:\/\/leosparts.com\/?post_type=product&#038;p=8890"},"modified":"2024-01-30T20:22:34","modified_gmt":"2024-01-30T20:22:34","slug":"porta-placa-dominar-400v2-250","status":"publish","type":"product","link":"https:\/\/leosparts.com\/?product=porta-placa-dominar-400v2-250","title":{"rendered":"PORTA PLACA DOMINAR 400v2 &#8211; 250"},"content":{"rendered":"","protected":false},"excerpt":{"rendered":"<p>Una porta placa para moto es un accesorio dise\u00f1ado para montar y exhibir la matr\u00edcula o placa de la motocicleta de una manera segura y est\u00e9ticamente agradable.<\/p>\n<p>Caracter\u00edsticas de protector de mascara:<\/p>\n<p>-Acero Inoxidable<\/p>\n","protected":false},"featured_media":8892,"comment_status":"open","ping_status":"closed","template":"","meta":[],"product_cat":[15],"product_tag":[97,122,124],"class_list":{"0":"post-8890","1":"product","2":"type-product","3":"status-publish","4":"has-post-thumbnail","6":"product_cat-leosparts","7":"product_tag-bajaj","8":"product_tag-dominar-400v2","9":"product_tag-porta-placa","10":"pa_marca-bajaj","12":"first","13":"instock","14":"shipping-taxable","15":"purchasable","16":"product-type-simple"},"_links":{"self":[{"href":"https:\/\/leosparts.com\/index.php?rest_route=\/wp\/v2\/product\/8890","targetHints":{"allow":["GET"]}}],"collection":[{"href":"https:\/\/leosparts.com\/index.php?rest_route=\/wp\/v2\/product"}],"about":[{"href":"https:\/\/leosparts.com\/index.php?rest_route=\/wp\/v2\/types\/product"}],"replies":[{"embeddable":true,"href":"https:\/\/leosparts.com\/index.php?rest_route=%2Fwp%2Fv2%2Fcomments&post=8890"}],"version-history":[{"count":1,"href":"https:\/\/leosparts.com\/index.php?rest_route=\/wp\/v2\/product\/8890\/revisions"}],"predecessor-version":[{"id":8896,"href":"https:\/\/leosparts.com\/index.php?rest_route=\/wp\/v2\/product\/8890\/revisions\/8896"}],"wp:featuredmedia":[{"embeddable":true,"href":"https:\/\/leosparts.com\/index.php?rest_route=\/wp\/v2\/media\/8892"}],"wp:attachment":[{"href":"https:\/\/leosparts.com\/index.php?rest_route=%2Fwp%2Fv2%2Fmedia&parent=8890"}],"wp:term":[{"taxonomy":"product_cat","embeddable":true,"href":"https:\/\/leosparts.com\/index.php?rest_route=%2Fwp%2Fv2%2Fproduct_cat&post=8890"},{"taxonomy":"product_tag","embeddable":true,"href":"https:\/\/leosparts.com\/index.php?rest_route=%2Fwp%2Fv2%2Fproduct_tag&post=8890"}],"curies":[{"name":"wp","href":"https:\/\/api.w.org\/{rel}","templated":true}]}}