{"id":8910,"date":"2024-02-05T23:05:06","date_gmt":"2024-02-05T23:05:06","guid":{"rendered":"https:\/\/leosparts.com\/?post_type=product&#038;p=8910"},"modified":"2024-02-05T23:05:06","modified_gmt":"2024-02-05T23:05:06","slug":"protector-de-faro-dominar-400v2-250-modelo-1","status":"publish","type":"product","link":"https:\/\/leosparts.com\/?product=protector-de-faro-dominar-400v2-250-modelo-1","title":{"rendered":"PROTECTOR DE FARO DOMINAR 400v2 &#8211; 250 MODELO 1"},"content":{"rendered":"","protected":false},"excerpt":{"rendered":"<p>Nuestro protector de m\u00e1scara, es un accesorio dise\u00f1ado para ofrecer protecci\u00f3n adicional a los faros de la moto.<\/p>\n<p>Caracter\u00edsticas de protector de mascara:<\/p>\n<p>-Est\u00e1 fabricado en acero inoxidable<\/p>\n<p>-Cuenta con recubrimiento de pintura electrost\u00e1tica<\/p>\n<p>-Con soldadura profesional<\/p>\n","protected":false},"featured_media":8915,"comment_status":"open","ping_status":"closed","template":"","meta":[],"product_cat":[15],"product_tag":[122,82],"class_list":{"0":"post-8910","1":"product","2":"type-product","3":"status-publish","4":"has-post-thumbnail","6":"product_cat-leosparts","7":"product_tag-dominar-400v2","8":"product_tag-protector","9":"pa_marca-bajaj","11":"first","12":"instock","13":"shipping-taxable","14":"purchasable","15":"product-type-simple"},"_links":{"self":[{"href":"https:\/\/leosparts.com\/index.php?rest_route=\/wp\/v2\/product\/8910","targetHints":{"allow":["GET"]}}],"collection":[{"href":"https:\/\/leosparts.com\/index.php?rest_route=\/wp\/v2\/product"}],"about":[{"href":"https:\/\/leosparts.com\/index.php?rest_route=\/wp\/v2\/types\/product"}],"replies":[{"embeddable":true,"href":"https:\/\/leosparts.com\/index.php?rest_route=%2Fwp%2Fv2%2Fcomments&post=8910"}],"version-history":[{"count":1,"href":"https:\/\/leosparts.com\/index.php?rest_route=\/wp\/v2\/product\/8910\/revisions"}],"predecessor-version":[{"id":8919,"href":"https:\/\/leosparts.com\/index.php?rest_route=\/wp\/v2\/product\/8910\/revisions\/8919"}],"wp:featuredmedia":[{"embeddable":true,"href":"https:\/\/leosparts.com\/index.php?rest_route=\/wp\/v2\/media\/8915"}],"wp:attachment":[{"href":"https:\/\/leosparts.com\/index.php?rest_route=%2Fwp%2Fv2%2Fmedia&parent=8910"}],"wp:term":[{"taxonomy":"product_cat","embeddable":true,"href":"https:\/\/leosparts.com\/index.php?rest_route=%2Fwp%2Fv2%2Fproduct_cat&post=8910"},{"taxonomy":"product_tag","embeddable":true,"href":"https:\/\/leosparts.com\/index.php?rest_route=%2Fwp%2Fv2%2Fproduct_tag&post=8910"}],"curies":[{"name":"wp","href":"https:\/\/api.w.org\/{rel}","templated":true}]}}