{"id":8921,"date":"2024-02-06T23:34:08","date_gmt":"2024-02-06T23:34:08","guid":{"rendered":"https:\/\/leosparts.com\/?post_type=product&#038;p=8921"},"modified":"2024-02-22T22:34:18","modified_gmt":"2024-02-22T22:34:18","slug":"protector-de-radiador-dominar-400v1-400v2-250","status":"publish","type":"product","link":"https:\/\/leosparts.com\/?product=protector-de-radiador-dominar-400v1-400v2-250","title":{"rendered":"PROTECTOR DE RADIADOR DOMINAR 400v1 &#8211; 400v2 &#8211; 250"},"content":{"rendered":"","protected":false},"excerpt":{"rendered":"<p><strong>PROTECTOR DE RADIADOR:<\/strong><\/p>\n<p>Nuestro accesorio est\u00e1 dise\u00f1ado para proteger el radiador de la motocicleta contra da\u00f1os causados por escombros, piedras y otros objetos que podr\u00edan entrar en contacto con la parte frontal de la moto durante la conducci\u00f3n.<\/p>\n<p>Caracter\u00edsticas:<\/p>\n<ul>\n<li>Acero Inoxidable calidad 304 satinado<\/li>\n<\/ul>\n<p>Colores disponibles: Acero\/Negro<\/p>\n","protected":false},"featured_media":8925,"comment_status":"open","ping_status":"closed","template":"","meta":[],"product_cat":[15],"product_tag":[97,127,86],"class_list":{"0":"post-8921","1":"product","2":"type-product","3":"status-publish","4":"has-post-thumbnail","6":"product_cat-leosparts","7":"product_tag-bajaj","8":"product_tag-dominar-400v1-400v2-250","9":"product_tag-radiador","10":"pa_marca-bajaj","12":"first","13":"instock","14":"shipping-taxable","15":"purchasable","16":"product-type-simple"},"_links":{"self":[{"href":"https:\/\/leosparts.com\/index.php?rest_route=\/wp\/v2\/product\/8921","targetHints":{"allow":["GET"]}}],"collection":[{"href":"https:\/\/leosparts.com\/index.php?rest_route=\/wp\/v2\/product"}],"about":[{"href":"https:\/\/leosparts.com\/index.php?rest_route=\/wp\/v2\/types\/product"}],"replies":[{"embeddable":true,"href":"https:\/\/leosparts.com\/index.php?rest_route=%2Fwp%2Fv2%2Fcomments&post=8921"}],"version-history":[{"count":2,"href":"https:\/\/leosparts.com\/index.php?rest_route=\/wp\/v2\/product\/8921\/revisions"}],"predecessor-version":[{"id":8951,"href":"https:\/\/leosparts.com\/index.php?rest_route=\/wp\/v2\/product\/8921\/revisions\/8951"}],"wp:featuredmedia":[{"embeddable":true,"href":"https:\/\/leosparts.com\/index.php?rest_route=\/wp\/v2\/media\/8925"}],"wp:attachment":[{"href":"https:\/\/leosparts.com\/index.php?rest_route=%2Fwp%2Fv2%2Fmedia&parent=8921"}],"wp:term":[{"taxonomy":"product_cat","embeddable":true,"href":"https:\/\/leosparts.com\/index.php?rest_route=%2Fwp%2Fv2%2Fproduct_cat&post=8921"},{"taxonomy":"product_tag","embeddable":true,"href":"https:\/\/leosparts.com\/index.php?rest_route=%2Fwp%2Fv2%2Fproduct_tag&post=8921"}],"curies":[{"name":"wp","href":"https:\/\/api.w.org\/{rel}","templated":true}]}}