{"id":8939,"date":"2024-02-22T20:47:32","date_gmt":"2024-02-22T20:47:32","guid":{"rendered":"https:\/\/leosparts.com\/?post_type=product&#038;p=8939"},"modified":"2024-02-22T22:21:36","modified_gmt":"2024-02-22T22:21:36","slug":"slider-modelo-jaula-doble-tope-dominar-400v2-250","status":"publish","type":"product","link":"https:\/\/leosparts.com\/?product=slider-modelo-jaula-doble-tope-dominar-400v2-250","title":{"rendered":"SLIDER MODELO JAULA DOBLE TOPE DOMINAR 400v2 &#8211; 250"},"content":{"rendered":"<p><strong>Protector de piernas y defensa Slider nylon doble tope modelo jaula:<\/strong><\/p>\n<p>El slider defensa cumple la funci\u00f3n de proteger al conductor en una eventual ca\u00edda y de minimizar los da\u00f1os a la motocicleta.<\/p>\n<p>Caracter\u00edsticas:<\/p>\n<ul>\n<li>Modelo robusto y grande<\/li>\n<li>Fabricado en acero al Carbono<\/li>\n<li>Cuenta con recubrimiento de pintura electrost\u00e1tica<\/li>\n<li>Soldadura profesional<\/li>\n<li>4 topes c\u00f3nicos de alto impacto<\/li>\n<\/ul>\n","protected":false},"excerpt":{"rendered":"<p>Protector de piernas y defensa Slider nylon doble tope modelo jaula: El slider defensa cumple la funci\u00f3n de proteger al<\/p>\n","protected":false},"featured_media":8940,"comment_status":"open","ping_status":"closed","template":"","meta":[],"product_cat":[15],"product_tag":[97,128,87],"class_list":{"0":"post-8939","1":"product","2":"type-product","3":"status-publish","4":"has-post-thumbnail","6":"product_cat-leosparts","7":"product_tag-bajaj","8":"product_tag-dominar-400v2-250","9":"product_tag-slider","10":"pa_marca-bajaj","12":"first","13":"instock","14":"shipping-taxable","15":"purchasable","16":"product-type-simple"},"_links":{"self":[{"href":"https:\/\/leosparts.com\/index.php?rest_route=\/wp\/v2\/product\/8939","targetHints":{"allow":["GET"]}}],"collection":[{"href":"https:\/\/leosparts.com\/index.php?rest_route=\/wp\/v2\/product"}],"about":[{"href":"https:\/\/leosparts.com\/index.php?rest_route=\/wp\/v2\/types\/product"}],"replies":[{"embeddable":true,"href":"https:\/\/leosparts.com\/index.php?rest_route=%2Fwp%2Fv2%2Fcomments&post=8939"}],"version-history":[{"count":1,"href":"https:\/\/leosparts.com\/index.php?rest_route=\/wp\/v2\/product\/8939\/revisions"}],"predecessor-version":[{"id":8941,"href":"https:\/\/leosparts.com\/index.php?rest_route=\/wp\/v2\/product\/8939\/revisions\/8941"}],"wp:featuredmedia":[{"embeddable":true,"href":"https:\/\/leosparts.com\/index.php?rest_route=\/wp\/v2\/media\/8940"}],"wp:attachment":[{"href":"https:\/\/leosparts.com\/index.php?rest_route=%2Fwp%2Fv2%2Fmedia&parent=8939"}],"wp:term":[{"taxonomy":"product_cat","embeddable":true,"href":"https:\/\/leosparts.com\/index.php?rest_route=%2Fwp%2Fv2%2Fproduct_cat&post=8939"},{"taxonomy":"product_tag","embeddable":true,"href":"https:\/\/leosparts.com\/index.php?rest_route=%2Fwp%2Fv2%2Fproduct_tag&post=8939"}],"curies":[{"name":"wp","href":"https:\/\/api.w.org\/{rel}","templated":true}]}}