{"id":8992,"date":"2024-02-27T17:33:58","date_gmt":"2024-02-27T17:33:58","guid":{"rendered":"https:\/\/leosparts.com\/?post_type=product&#038;p=8992"},"modified":"2024-02-27T17:33:58","modified_gmt":"2024-02-27T17:33:58","slug":"protector-de-radiador-dominar-400v1-400v2-250-2","status":"publish","type":"product","link":"https:\/\/leosparts.com\/?product=protector-de-radiador-dominar-400v1-400v2-250-2","title":{"rendered":"PROTECTOR DE RADIADOR DOMINAR 400v1 &#8211; 400v2 &#8211; 250"},"content":{"rendered":"","protected":false},"excerpt":{"rendered":"<p>Un protector de radiador para moto es un accesorio dise\u00f1ado para proteger el radiador de la motocicleta contra da\u00f1os causados por escombros, piedras y otros objetos que podr\u00edan entrar en contacto con la parte frontal de la moto durante la conducci\u00f3n.<\/p>\n<p>Caracter\u00edsticas de protector de mascara:<\/p>\n<p>-Acero Inoxidable<\/p>\n","protected":false},"featured_media":8982,"comment_status":"open","ping_status":"closed","template":"","meta":[],"product_cat":[15],"product_tag":[97,127,82],"class_list":{"0":"post-8992","1":"product","2":"type-product","3":"status-publish","4":"has-post-thumbnail","6":"product_cat-leosparts","7":"product_tag-bajaj","8":"product_tag-dominar-400v1-400v2-250","9":"product_tag-protector","10":"pa_marca-bajaj","12":"first","13":"instock","14":"shipping-taxable","15":"purchasable","16":"product-type-simple"},"_links":{"self":[{"href":"https:\/\/leosparts.com\/index.php?rest_route=\/wp\/v2\/product\/8992","targetHints":{"allow":["GET"]}}],"collection":[{"href":"https:\/\/leosparts.com\/index.php?rest_route=\/wp\/v2\/product"}],"about":[{"href":"https:\/\/leosparts.com\/index.php?rest_route=\/wp\/v2\/types\/product"}],"replies":[{"embeddable":true,"href":"https:\/\/leosparts.com\/index.php?rest_route=%2Fwp%2Fv2%2Fcomments&post=8992"}],"version-history":[{"count":1,"href":"https:\/\/leosparts.com\/index.php?rest_route=\/wp\/v2\/product\/8992\/revisions"}],"predecessor-version":[{"id":8993,"href":"https:\/\/leosparts.com\/index.php?rest_route=\/wp\/v2\/product\/8992\/revisions\/8993"}],"wp:featuredmedia":[{"embeddable":true,"href":"https:\/\/leosparts.com\/index.php?rest_route=\/wp\/v2\/media\/8982"}],"wp:attachment":[{"href":"https:\/\/leosparts.com\/index.php?rest_route=%2Fwp%2Fv2%2Fmedia&parent=8992"}],"wp:term":[{"taxonomy":"product_cat","embeddable":true,"href":"https:\/\/leosparts.com\/index.php?rest_route=%2Fwp%2Fv2%2Fproduct_cat&post=8992"},{"taxonomy":"product_tag","embeddable":true,"href":"https:\/\/leosparts.com\/index.php?rest_route=%2Fwp%2Fv2%2Fproduct_tag&post=8992"}],"curies":[{"name":"wp","href":"https:\/\/api.w.org\/{rel}","templated":true}]}}