{"id":9067,"date":"2024-03-02T02:32:28","date_gmt":"2024-03-02T02:32:28","guid":{"rendered":"https:\/\/leosparts.com\/?post_type=product&#038;p=9067"},"modified":"2024-03-02T02:32:28","modified_gmt":"2024-03-02T02:32:28","slug":"slider-doble-tope-bajaj-pulsar-180","status":"publish","type":"product","link":"https:\/\/leosparts.com\/?product=slider-doble-tope-bajaj-pulsar-180","title":{"rendered":"SLIDER DOBLE TOPE BAJAJ PULSAR 180"},"content":{"rendered":"","protected":false},"excerpt":{"rendered":"<p>El slider cumple la funci\u00f3n de proteger al conductor en una eventual ca\u00edda y de minimizar los da\u00f1os a la motocicleta.<\/p>\n<p>Caracter\u00edsticas:<\/p>\n<ul>\n<li>Fabricado en acero al carbono<\/li>\n<li>Cuenta con recubrimiento de pintura electrost\u00e1tica<\/li>\n<li>soldadura profesional<\/li>\n<li>4 Topes c\u00f3nicos de alto impacto<\/li>\n<\/ul>\n","protected":false},"featured_media":9061,"comment_status":"open","ping_status":"closed","template":"","meta":[],"product_cat":[15],"product_tag":[97,147,87],"class_list":{"0":"post-9067","1":"product","2":"type-product","3":"status-publish","4":"has-post-thumbnail","6":"product_cat-leosparts","7":"product_tag-bajaj","8":"product_tag-pulsar-180","9":"product_tag-slider","10":"pa_marca-bajaj","12":"first","13":"instock","14":"shipping-taxable","15":"purchasable","16":"product-type-simple"},"_links":{"self":[{"href":"https:\/\/leosparts.com\/index.php?rest_route=\/wp\/v2\/product\/9067","targetHints":{"allow":["GET"]}}],"collection":[{"href":"https:\/\/leosparts.com\/index.php?rest_route=\/wp\/v2\/product"}],"about":[{"href":"https:\/\/leosparts.com\/index.php?rest_route=\/wp\/v2\/types\/product"}],"replies":[{"embeddable":true,"href":"https:\/\/leosparts.com\/index.php?rest_route=%2Fwp%2Fv2%2Fcomments&post=9067"}],"version-history":[{"count":1,"href":"https:\/\/leosparts.com\/index.php?rest_route=\/wp\/v2\/product\/9067\/revisions"}],"predecessor-version":[{"id":9072,"href":"https:\/\/leosparts.com\/index.php?rest_route=\/wp\/v2\/product\/9067\/revisions\/9072"}],"wp:featuredmedia":[{"embeddable":true,"href":"https:\/\/leosparts.com\/index.php?rest_route=\/wp\/v2\/media\/9061"}],"wp:attachment":[{"href":"https:\/\/leosparts.com\/index.php?rest_route=%2Fwp%2Fv2%2Fmedia&parent=9067"}],"wp:term":[{"taxonomy":"product_cat","embeddable":true,"href":"https:\/\/leosparts.com\/index.php?rest_route=%2Fwp%2Fv2%2Fproduct_cat&post=9067"},{"taxonomy":"product_tag","embeddable":true,"href":"https:\/\/leosparts.com\/index.php?rest_route=%2Fwp%2Fv2%2Fproduct_tag&post=9067"}],"curies":[{"name":"wp","href":"https:\/\/api.w.org\/{rel}","templated":true}]}}