{"id":9130,"date":"2024-03-04T00:29:20","date_gmt":"2024-03-04T00:29:20","guid":{"rendered":"https:\/\/leosparts.com\/?post_type=product&#038;p=9130"},"modified":"2024-03-04T00:32:47","modified_gmt":"2024-03-04T00:32:47","slug":"slider-doble-tope-bajaj-pulsar-n250","status":"publish","type":"product","link":"https:\/\/leosparts.com\/?product=slider-doble-tope-bajaj-pulsar-n250","title":{"rendered":"SLIDER DOBLE TOPE BAJAJ PULSAR N250"},"content":{"rendered":"","protected":false},"excerpt":{"rendered":"<p>El slider cumple la funci\u00f3n de proteger al conductor en una eventual ca\u00edda y de minimizar los da\u00f1os a la motocicleta.<br \/>\nCaracter\u00edsticas:<br \/>\n\u2022\tFabricado en acero al carbono<br \/>\n\u2022\tCuenta con recubrimiento de pintura electrost\u00e1tica<br \/>\n\u2022\tsoldadura profesional<br \/>\n\u2022\t4 Topes c\u00f3nicos de alto impacto<\/p>\n","protected":false},"featured_media":9126,"comment_status":"open","ping_status":"closed","template":"","meta":[],"product_cat":[15],"product_tag":[97,114,87],"class_list":{"0":"post-9130","1":"product","2":"type-product","3":"status-publish","4":"has-post-thumbnail","6":"product_cat-leosparts","7":"product_tag-bajaj","8":"product_tag-pulsar-n250","9":"product_tag-slider","10":"pa_marca-bajaj","12":"first","13":"instock","14":"shipping-taxable","15":"purchasable","16":"product-type-simple"},"_links":{"self":[{"href":"https:\/\/leosparts.com\/index.php?rest_route=\/wp\/v2\/product\/9130","targetHints":{"allow":["GET"]}}],"collection":[{"href":"https:\/\/leosparts.com\/index.php?rest_route=\/wp\/v2\/product"}],"about":[{"href":"https:\/\/leosparts.com\/index.php?rest_route=\/wp\/v2\/types\/product"}],"replies":[{"embeddable":true,"href":"https:\/\/leosparts.com\/index.php?rest_route=%2Fwp%2Fv2%2Fcomments&post=9130"}],"version-history":[{"count":3,"href":"https:\/\/leosparts.com\/index.php?rest_route=\/wp\/v2\/product\/9130\/revisions"}],"predecessor-version":[{"id":9161,"href":"https:\/\/leosparts.com\/index.php?rest_route=\/wp\/v2\/product\/9130\/revisions\/9161"}],"wp:featuredmedia":[{"embeddable":true,"href":"https:\/\/leosparts.com\/index.php?rest_route=\/wp\/v2\/media\/9126"}],"wp:attachment":[{"href":"https:\/\/leosparts.com\/index.php?rest_route=%2Fwp%2Fv2%2Fmedia&parent=9130"}],"wp:term":[{"taxonomy":"product_cat","embeddable":true,"href":"https:\/\/leosparts.com\/index.php?rest_route=%2Fwp%2Fv2%2Fproduct_cat&post=9130"},{"taxonomy":"product_tag","embeddable":true,"href":"https:\/\/leosparts.com\/index.php?rest_route=%2Fwp%2Fv2%2Fproduct_tag&post=9130"}],"curies":[{"name":"wp","href":"https:\/\/api.w.org\/{rel}","templated":true}]}}