{"id":9132,"date":"2024-03-04T00:29:28","date_gmt":"2024-03-04T00:29:28","guid":{"rendered":"https:\/\/leosparts.com\/?post_type=product&#038;p=9132"},"modified":"2024-03-04T00:29:28","modified_gmt":"2024-03-04T00:29:28","slug":"protector-de-radiador-bajaj-pulsar-n250","status":"publish","type":"product","link":"https:\/\/leosparts.com\/?product=protector-de-radiador-bajaj-pulsar-n250","title":{"rendered":"PROTECTOR DE RADIADOR BAJAJ PULSAR N250"},"content":{"rendered":"","protected":false},"excerpt":{"rendered":"<p>Nuestro accesorio est\u00e1 dise\u00f1ado para proteger el radiador de la motocicleta contra da\u00f1os causados por escombros, piedras y otros objetos que podr\u00edan entrar en contacto con la parte frontal de la moto durante la conducci\u00f3n.<br \/>\nCaracter\u00edsticas:<br \/>\n\u2022\tAcero Inoxidable calidad 304 satinado<\/p>\n","protected":false},"featured_media":9124,"comment_status":"open","ping_status":"closed","template":"","meta":[],"product_cat":[15],"product_tag":[97,82,114],"class_list":{"0":"post-9132","1":"product","2":"type-product","3":"status-publish","4":"has-post-thumbnail","6":"product_cat-leosparts","7":"product_tag-bajaj","8":"product_tag-protector","9":"product_tag-pulsar-n250","10":"pa_marca-bajaj","12":"first","13":"instock","14":"shipping-taxable","15":"purchasable","16":"product-type-simple"},"_links":{"self":[{"href":"https:\/\/leosparts.com\/index.php?rest_route=\/wp\/v2\/product\/9132","targetHints":{"allow":["GET"]}}],"collection":[{"href":"https:\/\/leosparts.com\/index.php?rest_route=\/wp\/v2\/product"}],"about":[{"href":"https:\/\/leosparts.com\/index.php?rest_route=\/wp\/v2\/types\/product"}],"replies":[{"embeddable":true,"href":"https:\/\/leosparts.com\/index.php?rest_route=%2Fwp%2Fv2%2Fcomments&post=9132"}],"version-history":[{"count":2,"href":"https:\/\/leosparts.com\/index.php?rest_route=\/wp\/v2\/product\/9132\/revisions"}],"predecessor-version":[{"id":9154,"href":"https:\/\/leosparts.com\/index.php?rest_route=\/wp\/v2\/product\/9132\/revisions\/9154"}],"wp:featuredmedia":[{"embeddable":true,"href":"https:\/\/leosparts.com\/index.php?rest_route=\/wp\/v2\/media\/9124"}],"wp:attachment":[{"href":"https:\/\/leosparts.com\/index.php?rest_route=%2Fwp%2Fv2%2Fmedia&parent=9132"}],"wp:term":[{"taxonomy":"product_cat","embeddable":true,"href":"https:\/\/leosparts.com\/index.php?rest_route=%2Fwp%2Fv2%2Fproduct_cat&post=9132"},{"taxonomy":"product_tag","embeddable":true,"href":"https:\/\/leosparts.com\/index.php?rest_route=%2Fwp%2Fv2%2Fproduct_tag&post=9132"}],"curies":[{"name":"wp","href":"https:\/\/api.w.org\/{rel}","templated":true}]}}