{"id":9136,"date":"2024-03-04T00:29:35","date_gmt":"2024-03-04T00:29:35","guid":{"rendered":"https:\/\/leosparts.com\/?post_type=product&#038;p=9136"},"modified":"2024-03-04T00:29:35","modified_gmt":"2024-03-04T00:29:35","slug":"protector-de-acutrax-bajaj-pulsar-n250","status":"publish","type":"product","link":"https:\/\/leosparts.com\/?product=protector-de-acutrax-bajaj-pulsar-n250","title":{"rendered":"PROTECTOR DE ACUTRAX BAJAJ PULSAR N250"},"content":{"rendered":"","protected":false},"excerpt":{"rendered":"<p>A\u00f1\u00e1dele un toque de elegancia y distinci\u00f3n a tu motocicleta con esta pieza de lujo en acero que se le incrusta en la direcci\u00f3n de la moto<br \/>\nCaracter\u00edsticas<br \/>\n-Acero Inoxidable calidad 304 satinado<\/p>\n","protected":false},"featured_media":9120,"comment_status":"open","ping_status":"closed","template":"","meta":[],"product_cat":[15],"product_tag":[97,82,114],"class_list":{"0":"post-9136","1":"product","2":"type-product","3":"status-publish","4":"has-post-thumbnail","6":"product_cat-leosparts","7":"product_tag-bajaj","8":"product_tag-protector","9":"product_tag-pulsar-n250","10":"pa_marca-bajaj","12":"first","13":"instock","14":"shipping-taxable","15":"purchasable","16":"product-type-simple"},"_links":{"self":[{"href":"https:\/\/leosparts.com\/index.php?rest_route=\/wp\/v2\/product\/9136","targetHints":{"allow":["GET"]}}],"collection":[{"href":"https:\/\/leosparts.com\/index.php?rest_route=\/wp\/v2\/product"}],"about":[{"href":"https:\/\/leosparts.com\/index.php?rest_route=\/wp\/v2\/types\/product"}],"replies":[{"embeddable":true,"href":"https:\/\/leosparts.com\/index.php?rest_route=%2Fwp%2Fv2%2Fcomments&post=9136"}],"version-history":[{"count":2,"href":"https:\/\/leosparts.com\/index.php?rest_route=\/wp\/v2\/product\/9136\/revisions"}],"predecessor-version":[{"id":9158,"href":"https:\/\/leosparts.com\/index.php?rest_route=\/wp\/v2\/product\/9136\/revisions\/9158"}],"wp:featuredmedia":[{"embeddable":true,"href":"https:\/\/leosparts.com\/index.php?rest_route=\/wp\/v2\/media\/9120"}],"wp:attachment":[{"href":"https:\/\/leosparts.com\/index.php?rest_route=%2Fwp%2Fv2%2Fmedia&parent=9136"}],"wp:term":[{"taxonomy":"product_cat","embeddable":true,"href":"https:\/\/leosparts.com\/index.php?rest_route=%2Fwp%2Fv2%2Fproduct_cat&post=9136"},{"taxonomy":"product_tag","embeddable":true,"href":"https:\/\/leosparts.com\/index.php?rest_route=%2Fwp%2Fv2%2Fproduct_tag&post=9136"}],"curies":[{"name":"wp","href":"https:\/\/api.w.org\/{rel}","templated":true}]}}