{"id":9261,"date":"2024-03-08T16:10:34","date_gmt":"2024-03-08T16:10:34","guid":{"rendered":"https:\/\/leosparts.com\/?post_type=product&#038;p=9261"},"modified":"2024-03-08T16:10:34","modified_gmt":"2024-03-08T16:10:34","slug":"slider-bajaj-pulsar-200rs","status":"publish","type":"product","link":"https:\/\/leosparts.com\/?product=slider-bajaj-pulsar-200rs","title":{"rendered":"SLIDER BAJAJ PULSAR 200RS"},"content":{"rendered":"<p>El slider cumple la funci\u00f3n de proteger al conductor en una eventual ca\u00edda y de minimizar los da\u00f1os a la motocicleta.<\/p>\n<p>Caracter\u00edsticas:<\/p>\n<ul>\n<li>Fabricado en acero al carbono<\/li>\n<li>Cuenta con recubrimiento de pintura electrost\u00e1tica<\/li>\n<li>soldadura profesional<\/li>\n<li>2 topes c\u00f3nicos de alto impacto<\/li>\n<\/ul>\n","protected":false},"excerpt":{"rendered":"<p>El slider cumple la funci\u00f3n de proteger al conductor en una eventual ca\u00edda y de minimizar los da\u00f1os a la<\/p>\n","protected":false},"featured_media":9262,"comment_status":"open","ping_status":"closed","template":"","meta":[],"product_cat":[15],"product_tag":[],"class_list":{"0":"post-9261","1":"product","2":"type-product","3":"status-publish","4":"has-post-thumbnail","6":"product_cat-leosparts","7":"pa_marca-bajaj","9":"first","10":"instock","11":"shipping-taxable","12":"purchasable","13":"product-type-simple"},"_links":{"self":[{"href":"https:\/\/leosparts.com\/index.php?rest_route=\/wp\/v2\/product\/9261","targetHints":{"allow":["GET"]}}],"collection":[{"href":"https:\/\/leosparts.com\/index.php?rest_route=\/wp\/v2\/product"}],"about":[{"href":"https:\/\/leosparts.com\/index.php?rest_route=\/wp\/v2\/types\/product"}],"replies":[{"embeddable":true,"href":"https:\/\/leosparts.com\/index.php?rest_route=%2Fwp%2Fv2%2Fcomments&post=9261"}],"version-history":[{"count":1,"href":"https:\/\/leosparts.com\/index.php?rest_route=\/wp\/v2\/product\/9261\/revisions"}],"predecessor-version":[{"id":9266,"href":"https:\/\/leosparts.com\/index.php?rest_route=\/wp\/v2\/product\/9261\/revisions\/9266"}],"wp:featuredmedia":[{"embeddable":true,"href":"https:\/\/leosparts.com\/index.php?rest_route=\/wp\/v2\/media\/9262"}],"wp:attachment":[{"href":"https:\/\/leosparts.com\/index.php?rest_route=%2Fwp%2Fv2%2Fmedia&parent=9261"}],"wp:term":[{"taxonomy":"product_cat","embeddable":true,"href":"https:\/\/leosparts.com\/index.php?rest_route=%2Fwp%2Fv2%2Fproduct_cat&post=9261"},{"taxonomy":"product_tag","embeddable":true,"href":"https:\/\/leosparts.com\/index.php?rest_route=%2Fwp%2Fv2%2Fproduct_tag&post=9261"}],"curies":[{"name":"wp","href":"https:\/\/api.w.org\/{rel}","templated":true}]}}