{"id":9276,"date":"2024-03-08T16:41:27","date_gmt":"2024-03-08T16:41:27","guid":{"rendered":"https:\/\/leosparts.com\/?post_type=product&#038;p=9276"},"modified":"2024-03-08T16:41:27","modified_gmt":"2024-03-08T16:41:27","slug":"protector-de-bomba-de-freno-delantero-bajaj-pulsar","status":"publish","type":"product","link":"https:\/\/leosparts.com\/?product=protector-de-bomba-de-freno-delantero-bajaj-pulsar","title":{"rendered":"PROTECTOR DE BOMBA DE FRENO DELANTERO BAJAJ PULSAR"},"content":{"rendered":"<p>Presentaci\u00f3n en acero satinado, tambi\u00e9n en variedad de colores y contramarcado con logotipos alusivos de la marca.<\/p>\n<p>Caracter\u00edsticas:<\/p>\n<ul>\n<li>Acero Inoxidable calidad 304 satinado<\/li>\n<\/ul>\n","protected":false},"excerpt":{"rendered":"<p>Presentaci\u00f3n en acero satinado, tambi\u00e9n en variedad de colores y contramarcado con logotipos alusivos de la marca. Caracter\u00edsticas: Acero Inoxidable<\/p>\n","protected":false},"featured_media":9283,"comment_status":"open","ping_status":"closed","template":"","meta":[],"product_cat":[15],"product_tag":[97,153,173],"class_list":{"0":"post-9276","1":"product","2":"type-product","3":"status-publish","4":"has-post-thumbnail","6":"product_cat-leosparts","7":"product_tag-bajaj","8":"product_tag-protector-de-bomba","9":"product_tag-pulsar-135","10":"pa_marca-bajaj","12":"first","13":"instock","14":"shipping-taxable","15":"purchasable","16":"product-type-simple"},"_links":{"self":[{"href":"https:\/\/leosparts.com\/index.php?rest_route=\/wp\/v2\/product\/9276","targetHints":{"allow":["GET"]}}],"collection":[{"href":"https:\/\/leosparts.com\/index.php?rest_route=\/wp\/v2\/product"}],"about":[{"href":"https:\/\/leosparts.com\/index.php?rest_route=\/wp\/v2\/types\/product"}],"replies":[{"embeddable":true,"href":"https:\/\/leosparts.com\/index.php?rest_route=%2Fwp%2Fv2%2Fcomments&post=9276"}],"version-history":[{"count":1,"href":"https:\/\/leosparts.com\/index.php?rest_route=\/wp\/v2\/product\/9276\/revisions"}],"predecessor-version":[{"id":9285,"href":"https:\/\/leosparts.com\/index.php?rest_route=\/wp\/v2\/product\/9276\/revisions\/9285"}],"wp:featuredmedia":[{"embeddable":true,"href":"https:\/\/leosparts.com\/index.php?rest_route=\/wp\/v2\/media\/9283"}],"wp:attachment":[{"href":"https:\/\/leosparts.com\/index.php?rest_route=%2Fwp%2Fv2%2Fmedia&parent=9276"}],"wp:term":[{"taxonomy":"product_cat","embeddable":true,"href":"https:\/\/leosparts.com\/index.php?rest_route=%2Fwp%2Fv2%2Fproduct_cat&post=9276"},{"taxonomy":"product_tag","embeddable":true,"href":"https:\/\/leosparts.com\/index.php?rest_route=%2Fwp%2Fv2%2Fproduct_tag&post=9276"}],"curies":[{"name":"wp","href":"https:\/\/api.w.org\/{rel}","templated":true}]}}