{"id":9314,"date":"2024-03-08T17:24:38","date_gmt":"2024-03-08T17:24:38","guid":{"rendered":"https:\/\/leosparts.com\/?post_type=product&#038;p=9314"},"modified":"2024-03-08T17:24:38","modified_gmt":"2024-03-08T17:24:38","slug":"protector-de-mascara-tipo-malla-bajaj-pulsar-ns200","status":"publish","type":"product","link":"https:\/\/leosparts.com\/?product=protector-de-mascara-tipo-malla-bajaj-pulsar-ns200","title":{"rendered":"PROTECTOR DE MASCARA TIPO MALLA BAJAJ PULSAR NS200"},"content":{"rendered":"","protected":false},"excerpt":{"rendered":"<p>Nuestro protector de m\u00e1scara, es un accesorio dise\u00f1ado para ofrecer protecci\u00f3n adicional a los faros de la moto.<\/p>\n<p>Caracter\u00edsticas<\/p>\n<p>-Fabricado en acero inoxidable<\/p>\n<p>-Cuenta con recubrimiento de pintura electrost\u00e1tica<\/p>\n<p>-Soldadura profesional<\/p>\n<p>-Pernos inox<\/p>\n","protected":false},"featured_media":9316,"comment_status":"open","ping_status":"closed","template":"","meta":[],"product_cat":[15],"product_tag":[97,82,143],"class_list":{"0":"post-9314","1":"product","2":"type-product","3":"status-publish","4":"has-post-thumbnail","6":"product_cat-leosparts","7":"product_tag-bajaj","8":"product_tag-protector","9":"product_tag-pulsar-ns200","10":"pa_marca-bajaj","12":"first","13":"instock","14":"shipping-taxable","15":"purchasable","16":"product-type-simple"},"_links":{"self":[{"href":"https:\/\/leosparts.com\/index.php?rest_route=\/wp\/v2\/product\/9314","targetHints":{"allow":["GET"]}}],"collection":[{"href":"https:\/\/leosparts.com\/index.php?rest_route=\/wp\/v2\/product"}],"about":[{"href":"https:\/\/leosparts.com\/index.php?rest_route=\/wp\/v2\/types\/product"}],"replies":[{"embeddable":true,"href":"https:\/\/leosparts.com\/index.php?rest_route=%2Fwp%2Fv2%2Fcomments&post=9314"}],"version-history":[{"count":1,"href":"https:\/\/leosparts.com\/index.php?rest_route=\/wp\/v2\/product\/9314\/revisions"}],"predecessor-version":[{"id":9318,"href":"https:\/\/leosparts.com\/index.php?rest_route=\/wp\/v2\/product\/9314\/revisions\/9318"}],"wp:featuredmedia":[{"embeddable":true,"href":"https:\/\/leosparts.com\/index.php?rest_route=\/wp\/v2\/media\/9316"}],"wp:attachment":[{"href":"https:\/\/leosparts.com\/index.php?rest_route=%2Fwp%2Fv2%2Fmedia&parent=9314"}],"wp:term":[{"taxonomy":"product_cat","embeddable":true,"href":"https:\/\/leosparts.com\/index.php?rest_route=%2Fwp%2Fv2%2Fproduct_cat&post=9314"},{"taxonomy":"product_tag","embeddable":true,"href":"https:\/\/leosparts.com\/index.php?rest_route=%2Fwp%2Fv2%2Fproduct_tag&post=9314"}],"curies":[{"name":"wp","href":"https:\/\/api.w.org\/{rel}","templated":true}]}}