{"id":9397,"date":"2024-03-08T18:53:23","date_gmt":"2024-03-08T18:53:23","guid":{"rendered":"https:\/\/leosparts.com\/?post_type=product&#038;p=9397"},"modified":"2024-03-08T18:53:23","modified_gmt":"2024-03-08T18:53:23","slug":"protector-de-acutrax-hero-xpulse-200-2","status":"publish","type":"product","link":"https:\/\/leosparts.com\/?product=protector-de-acutrax-hero-xpulse-200-2","title":{"rendered":"PROTECTOR DE ACUTRAX HERO XPULSE 200"},"content":{"rendered":"<p><strong>PROTECTOR DE ACUTRAX:<\/strong><\/p>\n<p>A\u00f1\u00e1dele un toque de elegancia y distinci\u00f3n a tu motocicleta con esta pieza de lujo en acero que se le incrusta en la direcci\u00f3n de la moto<\/p>\n<p>Caracter\u00edsticas:<\/p>\n<ul>\n<li>Acero Inoxidable calidad 304 satinado<\/li>\n<\/ul>\n","protected":false},"excerpt":{"rendered":"<p>PROTECTOR DE ACUTRAX: A\u00f1\u00e1dele un toque de elegancia y distinci\u00f3n a tu motocicleta con esta pieza de lujo en acero<\/p>\n","protected":false},"featured_media":9399,"comment_status":"open","ping_status":"closed","template":"","meta":[],"product_cat":[15],"product_tag":[81,180,94],"class_list":{"0":"post-9397","1":"product","2":"type-product","3":"status-publish","4":"has-post-thumbnail","6":"product_cat-leosparts","7":"product_tag-hero","8":"product_tag-protector-acutrax","9":"product_tag-xpulse-200","10":"pa_marca-hero","12":"first","13":"instock","14":"shipping-taxable","15":"purchasable","16":"product-type-simple"},"_links":{"self":[{"href":"https:\/\/leosparts.com\/index.php?rest_route=\/wp\/v2\/product\/9397","targetHints":{"allow":["GET"]}}],"collection":[{"href":"https:\/\/leosparts.com\/index.php?rest_route=\/wp\/v2\/product"}],"about":[{"href":"https:\/\/leosparts.com\/index.php?rest_route=\/wp\/v2\/types\/product"}],"replies":[{"embeddable":true,"href":"https:\/\/leosparts.com\/index.php?rest_route=%2Fwp%2Fv2%2Fcomments&post=9397"}],"version-history":[{"count":1,"href":"https:\/\/leosparts.com\/index.php?rest_route=\/wp\/v2\/product\/9397\/revisions"}],"predecessor-version":[{"id":9401,"href":"https:\/\/leosparts.com\/index.php?rest_route=\/wp\/v2\/product\/9397\/revisions\/9401"}],"wp:featuredmedia":[{"embeddable":true,"href":"https:\/\/leosparts.com\/index.php?rest_route=\/wp\/v2\/media\/9399"}],"wp:attachment":[{"href":"https:\/\/leosparts.com\/index.php?rest_route=%2Fwp%2Fv2%2Fmedia&parent=9397"}],"wp:term":[{"taxonomy":"product_cat","embeddable":true,"href":"https:\/\/leosparts.com\/index.php?rest_route=%2Fwp%2Fv2%2Fproduct_cat&post=9397"},{"taxonomy":"product_tag","embeddable":true,"href":"https:\/\/leosparts.com\/index.php?rest_route=%2Fwp%2Fv2%2Fproduct_tag&post=9397"}],"curies":[{"name":"wp","href":"https:\/\/api.w.org\/{rel}","templated":true}]}}