{"id":9411,"date":"2024-03-08T19:13:26","date_gmt":"2024-03-08T19:13:26","guid":{"rendered":"https:\/\/leosparts.com\/?post_type=product&#038;p=9411"},"modified":"2024-03-08T20:45:36","modified_gmt":"2024-03-08T20:45:36","slug":"protector-de-radiador-hero-xpulse-200-2","status":"publish","type":"product","link":"https:\/\/leosparts.com\/?product=protector-de-radiador-hero-xpulse-200-2","title":{"rendered":"PROTECTOR DE RADIADOR HERO XPULSE 200"},"content":{"rendered":"<p><strong>PROTECTOR DE RADIADOR:<\/strong><\/p>\n<p>Nuestro accesorio est\u00e1 dise\u00f1ado para proteger el radiador de la motocicleta contra da\u00f1os causados por escombros, piedras y otros objetos que podr\u00edan entrar en contacto con la parte frontal de la moto durante la conducci\u00f3n.<\/p>\n<p>Caracter\u00edsticas:<\/p>\n<ul>\n<li>Acero Inoxidable calidad 304 satinado<\/li>\n<\/ul>\n","protected":false},"excerpt":{"rendered":"<p>PROTECTOR DE RADIADOR: Nuestro accesorio est\u00e1 dise\u00f1ado para proteger el radiador de la motocicleta contra da\u00f1os causados por escombros, piedras<\/p>\n","protected":false},"featured_media":9412,"comment_status":"open","ping_status":"closed","template":"","meta":[],"product_cat":[15],"product_tag":[81,185,94],"class_list":{"0":"post-9411","1":"product","2":"type-product","3":"status-publish","4":"has-post-thumbnail","6":"product_cat-leosparts","7":"product_tag-hero","8":"product_tag-protector-de-radiador","9":"product_tag-xpulse-200","10":"pa_marca-hero","12":"first","13":"instock","14":"shipping-taxable","15":"purchasable","16":"product-type-simple"},"_links":{"self":[{"href":"https:\/\/leosparts.com\/index.php?rest_route=\/wp\/v2\/product\/9411","targetHints":{"allow":["GET"]}}],"collection":[{"href":"https:\/\/leosparts.com\/index.php?rest_route=\/wp\/v2\/product"}],"about":[{"href":"https:\/\/leosparts.com\/index.php?rest_route=\/wp\/v2\/types\/product"}],"replies":[{"embeddable":true,"href":"https:\/\/leosparts.com\/index.php?rest_route=%2Fwp%2Fv2%2Fcomments&post=9411"}],"version-history":[{"count":1,"href":"https:\/\/leosparts.com\/index.php?rest_route=\/wp\/v2\/product\/9411\/revisions"}],"predecessor-version":[{"id":9418,"href":"https:\/\/leosparts.com\/index.php?rest_route=\/wp\/v2\/product\/9411\/revisions\/9418"}],"wp:featuredmedia":[{"embeddable":true,"href":"https:\/\/leosparts.com\/index.php?rest_route=\/wp\/v2\/media\/9412"}],"wp:attachment":[{"href":"https:\/\/leosparts.com\/index.php?rest_route=%2Fwp%2Fv2%2Fmedia&parent=9411"}],"wp:term":[{"taxonomy":"product_cat","embeddable":true,"href":"https:\/\/leosparts.com\/index.php?rest_route=%2Fwp%2Fv2%2Fproduct_cat&post=9411"},{"taxonomy":"product_tag","embeddable":true,"href":"https:\/\/leosparts.com\/index.php?rest_route=%2Fwp%2Fv2%2Fproduct_tag&post=9411"}],"curies":[{"name":"wp","href":"https:\/\/api.w.org\/{rel}","templated":true}]}}