{"id":9500,"date":"2024-03-08T20:22:37","date_gmt":"2024-03-08T20:22:37","guid":{"rendered":"https:\/\/leosparts.com\/?post_type=product&#038;p=9500"},"modified":"2024-03-08T20:22:38","modified_gmt":"2024-03-08T20:22:38","slug":"porta-placa-honda-crf300","status":"publish","type":"product","link":"https:\/\/leosparts.com\/?product=porta-placa-honda-crf300","title":{"rendered":"PORTA PLACA HONDA CRF300"},"content":{"rendered":"<p><strong>PORTA PLACA:<\/strong><\/p>\n<p>Una porta placa para moto es un accesorio dise\u00f1ado para montar y exhibir la matr\u00edcula o placa de la motocicleta de una manera segura y est\u00e9ticamente agradable.<\/p>\n<p>Caracter\u00edsticas<\/p>\n<ul>\n<li>Acero Inoxidable calidad 304 satinado<\/li>\n<\/ul>\n","protected":false},"excerpt":{"rendered":"<p>PORTA PLACA: Una porta placa para moto es un accesorio dise\u00f1ado para montar y exhibir la matr\u00edcula o placa de<\/p>\n","protected":false},"featured_media":9502,"comment_status":"open","ping_status":"closed","template":"","meta":[],"product_cat":[15],"product_tag":[195,105,124],"class_list":{"0":"post-9500","1":"product","2":"type-product","3":"status-publish","4":"has-post-thumbnail","6":"product_cat-leosparts","7":"product_tag-crf-300l","8":"product_tag-honda","9":"product_tag-porta-placa","11":"first","12":"instock","13":"shipping-taxable","14":"purchasable","15":"product-type-simple"},"_links":{"self":[{"href":"https:\/\/leosparts.com\/index.php?rest_route=\/wp\/v2\/product\/9500","targetHints":{"allow":["GET"]}}],"collection":[{"href":"https:\/\/leosparts.com\/index.php?rest_route=\/wp\/v2\/product"}],"about":[{"href":"https:\/\/leosparts.com\/index.php?rest_route=\/wp\/v2\/types\/product"}],"replies":[{"embeddable":true,"href":"https:\/\/leosparts.com\/index.php?rest_route=%2Fwp%2Fv2%2Fcomments&post=9500"}],"version-history":[{"count":1,"href":"https:\/\/leosparts.com\/index.php?rest_route=\/wp\/v2\/product\/9500\/revisions"}],"predecessor-version":[{"id":9503,"href":"https:\/\/leosparts.com\/index.php?rest_route=\/wp\/v2\/product\/9500\/revisions\/9503"}],"wp:featuredmedia":[{"embeddable":true,"href":"https:\/\/leosparts.com\/index.php?rest_route=\/wp\/v2\/media\/9502"}],"wp:attachment":[{"href":"https:\/\/leosparts.com\/index.php?rest_route=%2Fwp%2Fv2%2Fmedia&parent=9500"}],"wp:term":[{"taxonomy":"product_cat","embeddable":true,"href":"https:\/\/leosparts.com\/index.php?rest_route=%2Fwp%2Fv2%2Fproduct_cat&post=9500"},{"taxonomy":"product_tag","embeddable":true,"href":"https:\/\/leosparts.com\/index.php?rest_route=%2Fwp%2Fv2%2Fproduct_tag&post=9500"}],"curies":[{"name":"wp","href":"https:\/\/api.w.org\/{rel}","templated":true}]}}