{"id":9517,"date":"2024-03-08T20:51:12","date_gmt":"2024-03-08T20:51:12","guid":{"rendered":"https:\/\/leosparts.com\/?post_type=product&#038;p=9517"},"modified":"2024-03-08T20:51:12","modified_gmt":"2024-03-08T20:51:12","slug":"porta-placa-hero-xpulse-200-2","status":"publish","type":"product","link":"https:\/\/leosparts.com\/?product=porta-placa-hero-xpulse-200-2","title":{"rendered":"PORTA PLACA HERO XPULSE 200"},"content":{"rendered":"<p><strong>PORTA PLACA<\/strong><\/p>\n<p>Una porta placa para moto es un accesorio dise\u00f1ado para montar y exhibir la matr\u00edcula o placa de la motocicleta de una manera segura y est\u00e9ticamente agradable.<\/p>\n<p>Caracter\u00edsticas:<\/p>\n<ul>\n<li>Acero Inoxidable calidad 304 satinado<\/li>\n<\/ul>\n","protected":false},"excerpt":{"rendered":"<p>PORTA PLACA Una porta placa para moto es un accesorio dise\u00f1ado para montar y exhibir la matr\u00edcula o placa de<\/p>\n","protected":false},"featured_media":9518,"comment_status":"open","ping_status":"closed","template":"","meta":[],"product_cat":[15],"product_tag":[81,124,94],"class_list":{"0":"post-9517","1":"product","2":"type-product","3":"status-publish","4":"has-post-thumbnail","6":"product_cat-leosparts","7":"product_tag-hero","8":"product_tag-porta-placa","9":"product_tag-xpulse-200","10":"pa_marca-hero","12":"first","13":"instock","14":"shipping-taxable","15":"purchasable","16":"product-type-simple"},"_links":{"self":[{"href":"https:\/\/leosparts.com\/index.php?rest_route=\/wp\/v2\/product\/9517","targetHints":{"allow":["GET"]}}],"collection":[{"href":"https:\/\/leosparts.com\/index.php?rest_route=\/wp\/v2\/product"}],"about":[{"href":"https:\/\/leosparts.com\/index.php?rest_route=\/wp\/v2\/types\/product"}],"replies":[{"embeddable":true,"href":"https:\/\/leosparts.com\/index.php?rest_route=%2Fwp%2Fv2%2Fcomments&post=9517"}],"version-history":[{"count":1,"href":"https:\/\/leosparts.com\/index.php?rest_route=\/wp\/v2\/product\/9517\/revisions"}],"predecessor-version":[{"id":9519,"href":"https:\/\/leosparts.com\/index.php?rest_route=\/wp\/v2\/product\/9517\/revisions\/9519"}],"wp:featuredmedia":[{"embeddable":true,"href":"https:\/\/leosparts.com\/index.php?rest_route=\/wp\/v2\/media\/9518"}],"wp:attachment":[{"href":"https:\/\/leosparts.com\/index.php?rest_route=%2Fwp%2Fv2%2Fmedia&parent=9517"}],"wp:term":[{"taxonomy":"product_cat","embeddable":true,"href":"https:\/\/leosparts.com\/index.php?rest_route=%2Fwp%2Fv2%2Fproduct_cat&post=9517"},{"taxonomy":"product_tag","embeddable":true,"href":"https:\/\/leosparts.com\/index.php?rest_route=%2Fwp%2Fv2%2Fproduct_tag&post=9517"}],"curies":[{"name":"wp","href":"https:\/\/api.w.org\/{rel}","templated":true}]}}