{"id":9559,"date":"2024-03-08T22:58:15","date_gmt":"2024-03-08T22:58:15","guid":{"rendered":"https:\/\/leosparts.com\/?post_type=product&#038;p=9559"},"modified":"2024-04-05T16:34:40","modified_gmt":"2024-04-05T16:34:40","slug":"slider-modelo-stunt-bajaj-pulsar-ns200-2","status":"publish","type":"product","link":"https:\/\/leosparts.com\/?product=slider-modelo-stunt-bajaj-pulsar-ns200-2","title":{"rendered":"SLIDER MODELO STUNT BAJAJ PULSAR NS200"},"content":{"rendered":"<p><strong>PROTECTOR DE PIERNAS Y DEFENSA SLIDER MODELO STUNT:<\/strong><\/p>\n<p>Nuestro slider defensa cumple la funci\u00f3n de proteger al conductor en una eventual ca\u00edda y de minimizar los da\u00f1os a la motocicleta.<\/p>\n<p><strong>Caracter\u00edsticas:<\/strong><\/p>\n<ul>\n<li>Modelo peque\u00f1o y compacto<\/li>\n<li>Fabricado en acero al Carbono<\/li>\n<li>Cuenta con recubrimiento de pintura electrost\u00e1tica<\/li>\n<li>Soldadura profesional<\/li>\n<\/ul>\n","protected":false},"excerpt":{"rendered":"<p><strong>Caracter\u00edsticas:<\/strong><\/p>\n<ul>\n<li>Modelo peque\u00f1o y compacto<\/li>\n<li>Fabricado en acero al Carbono<\/li>\n<li>Cuenta con recubrimiento de pintura electrost\u00e1tica<\/li>\n<li>Soldadura profesional<\/li>\n<\/ul>\n","protected":false},"featured_media":9563,"comment_status":"open","ping_status":"closed","template":"","meta":[],"product_cat":[15],"product_tag":[97,143,87],"class_list":{"0":"post-9559","1":"product","2":"type-product","3":"status-publish","4":"has-post-thumbnail","6":"product_cat-leosparts","7":"product_tag-bajaj","8":"product_tag-pulsar-ns200","9":"product_tag-slider","10":"pa_marca-bajaj","12":"first","13":"instock","14":"shipping-taxable","15":"purchasable","16":"product-type-simple"},"_links":{"self":[{"href":"https:\/\/leosparts.com\/index.php?rest_route=\/wp\/v2\/product\/9559","targetHints":{"allow":["GET"]}}],"collection":[{"href":"https:\/\/leosparts.com\/index.php?rest_route=\/wp\/v2\/product"}],"about":[{"href":"https:\/\/leosparts.com\/index.php?rest_route=\/wp\/v2\/types\/product"}],"replies":[{"embeddable":true,"href":"https:\/\/leosparts.com\/index.php?rest_route=%2Fwp%2Fv2%2Fcomments&post=9559"}],"version-history":[{"count":3,"href":"https:\/\/leosparts.com\/index.php?rest_route=\/wp\/v2\/product\/9559\/revisions"}],"predecessor-version":[{"id":9887,"href":"https:\/\/leosparts.com\/index.php?rest_route=\/wp\/v2\/product\/9559\/revisions\/9887"}],"wp:featuredmedia":[{"embeddable":true,"href":"https:\/\/leosparts.com\/index.php?rest_route=\/wp\/v2\/media\/9563"}],"wp:attachment":[{"href":"https:\/\/leosparts.com\/index.php?rest_route=%2Fwp%2Fv2%2Fmedia&parent=9559"}],"wp:term":[{"taxonomy":"product_cat","embeddable":true,"href":"https:\/\/leosparts.com\/index.php?rest_route=%2Fwp%2Fv2%2Fproduct_cat&post=9559"},{"taxonomy":"product_tag","embeddable":true,"href":"https:\/\/leosparts.com\/index.php?rest_route=%2Fwp%2Fv2%2Fproduct_tag&post=9559"}],"curies":[{"name":"wp","href":"https:\/\/api.w.org\/{rel}","templated":true}]}}