{"id":9597,"date":"2024-03-08T23:51:49","date_gmt":"2024-03-08T23:51:49","guid":{"rendered":"https:\/\/leosparts.com\/?post_type=product&#038;p=9597"},"modified":"2024-03-08T23:51:49","modified_gmt":"2024-03-08T23:51:49","slug":"slider-deportivo-tope-granada-cnc-bajaj-pulsar-ns200-2","status":"publish","type":"product","link":"https:\/\/leosparts.com\/?product=slider-deportivo-tope-granada-cnc-bajaj-pulsar-ns200-2","title":{"rendered":"SLIDER DEPORTIVO TOPE GRANADA CNC BAJAJ PULSAR NS200 2"},"content":{"rendered":"","protected":false},"excerpt":{"rendered":"<p>Nuestro slider cumple la funci\u00f3n de proteger al conductor en una eventual ca\u00edda y de minimizar los da\u00f1os a la motocicleta.<\/p>\n<p>Caracter\u00edsticas<\/p>\n<ul>\n<li>Modelo peque\u00f1o y compacto (modelo deportivo)<\/li>\n<li>Est\u00e1 fabricado en acero al carbono<\/li>\n<li>Cuenta con recubrimiento de pintura electrost\u00e1tica<\/li>\n<li>Soldadura profesional<\/li>\n<\/ul>\n","protected":false},"featured_media":9583,"comment_status":"open","ping_status":"closed","template":"","meta":[],"product_cat":[15],"product_tag":[97,143,87],"class_list":{"0":"post-9597","1":"product","2":"type-product","3":"status-publish","4":"has-post-thumbnail","6":"product_cat-leosparts","7":"product_tag-bajaj","8":"product_tag-pulsar-ns200","9":"product_tag-slider","10":"pa_marca-bajaj","12":"first","13":"instock","14":"shipping-taxable","15":"purchasable","16":"product-type-simple"},"_links":{"self":[{"href":"https:\/\/leosparts.com\/index.php?rest_route=\/wp\/v2\/product\/9597","targetHints":{"allow":["GET"]}}],"collection":[{"href":"https:\/\/leosparts.com\/index.php?rest_route=\/wp\/v2\/product"}],"about":[{"href":"https:\/\/leosparts.com\/index.php?rest_route=\/wp\/v2\/types\/product"}],"replies":[{"embeddable":true,"href":"https:\/\/leosparts.com\/index.php?rest_route=%2Fwp%2Fv2%2Fcomments&post=9597"}],"version-history":[{"count":2,"href":"https:\/\/leosparts.com\/index.php?rest_route=\/wp\/v2\/product\/9597\/revisions"}],"predecessor-version":[{"id":9600,"href":"https:\/\/leosparts.com\/index.php?rest_route=\/wp\/v2\/product\/9597\/revisions\/9600"}],"wp:featuredmedia":[{"embeddable":true,"href":"https:\/\/leosparts.com\/index.php?rest_route=\/wp\/v2\/media\/9583"}],"wp:attachment":[{"href":"https:\/\/leosparts.com\/index.php?rest_route=%2Fwp%2Fv2%2Fmedia&parent=9597"}],"wp:term":[{"taxonomy":"product_cat","embeddable":true,"href":"https:\/\/leosparts.com\/index.php?rest_route=%2Fwp%2Fv2%2Fproduct_cat&post=9597"},{"taxonomy":"product_tag","embeddable":true,"href":"https:\/\/leosparts.com\/index.php?rest_route=%2Fwp%2Fv2%2Fproduct_tag&post=9597"}],"curies":[{"name":"wp","href":"https:\/\/api.w.org\/{rel}","templated":true}]}}