{"id":9984,"date":"2024-08-08T17:47:34","date_gmt":"2024-08-08T17:47:34","guid":{"rendered":"https:\/\/leosparts.com\/?post_type=product&#038;p=9984"},"modified":"2025-01-27T19:22:30","modified_gmt":"2025-01-27T19:22:30","slug":"slider-doble-tope-hero-ignitor-125","status":"publish","type":"product","link":"https:\/\/leosparts.com\/?product=slider-doble-tope-hero-ignitor-125","title":{"rendered":"SLIDER DOBLE TOPE HERO IGNITOR 125 V1"},"content":{"rendered":"<p><strong>PROTECTOR DE PIERNAS Y DEFENSA SLIDER NYLON DOBLE TOPE:<\/strong><\/p>\n<p>El slider cumple la funci\u00f3n de proteger al conductor en una eventual ca\u00edda y de minimizar los da\u00f1os a la motocicleta.<\/p>\n<p>Caracter\u00edsticas:<\/p>\n<ul>\n<li>Fabricado en acero al carbono<\/li>\n<li>Cuenta con recubrimiento de pintura electrost\u00e1tica<\/li>\n<li>soldadura profesional<\/li>\n<li>4 Topes c\u00f3nicos de alto impacto<\/li>\n<\/ul>\n","protected":false},"excerpt":{"rendered":"<p><strong>PROTECTOR DE PIERNAS Y DEFENSA SLIDER NYLON DOBLE TOPE:<\/strong><\/p>\n<p>El slider cumple la funci\u00f3n de proteger al conductor en una eventual ca\u00edda y de minimizar los da\u00f1os a la motocicleta.<\/p>\n<p>Caracter\u00edsticas:<\/p>\n<ul>\n<li>Fabricado en acero al carbono<\/li>\n<li>Cuenta con recubrimiento de pintura electrost\u00e1tica<\/li>\n<li>soldadura profesional<\/li>\n<li>4 Topes c\u00f3nicos de alto impacto<\/li>\n<\/ul>\n","protected":false},"featured_media":9985,"comment_status":"open","ping_status":"closed","template":"","meta":[],"product_cat":[15],"product_tag":[81,270,87,273],"class_list":{"0":"post-9984","1":"product","2":"type-product","3":"status-publish","4":"has-post-thumbnail","6":"product_cat-leosparts","7":"product_tag-hero","8":"product_tag-ignitor-125","9":"product_tag-slider","10":"product_tag-slider-doble-tope","11":"pa_marca-hero","13":"first","14":"instock","15":"shipping-taxable","16":"purchasable","17":"product-type-simple"},"_links":{"self":[{"href":"https:\/\/leosparts.com\/index.php?rest_route=\/wp\/v2\/product\/9984","targetHints":{"allow":["GET"]}}],"collection":[{"href":"https:\/\/leosparts.com\/index.php?rest_route=\/wp\/v2\/product"}],"about":[{"href":"https:\/\/leosparts.com\/index.php?rest_route=\/wp\/v2\/types\/product"}],"replies":[{"embeddable":true,"href":"https:\/\/leosparts.com\/index.php?rest_route=%2Fwp%2Fv2%2Fcomments&post=9984"}],"version-history":[{"count":2,"href":"https:\/\/leosparts.com\/index.php?rest_route=\/wp\/v2\/product\/9984\/revisions"}],"predecessor-version":[{"id":11344,"href":"https:\/\/leosparts.com\/index.php?rest_route=\/wp\/v2\/product\/9984\/revisions\/11344"}],"wp:featuredmedia":[{"embeddable":true,"href":"https:\/\/leosparts.com\/index.php?rest_route=\/wp\/v2\/media\/9985"}],"wp:attachment":[{"href":"https:\/\/leosparts.com\/index.php?rest_route=%2Fwp%2Fv2%2Fmedia&parent=9984"}],"wp:term":[{"taxonomy":"product_cat","embeddable":true,"href":"https:\/\/leosparts.com\/index.php?rest_route=%2Fwp%2Fv2%2Fproduct_cat&post=9984"},{"taxonomy":"product_tag","embeddable":true,"href":"https:\/\/leosparts.com\/index.php?rest_route=%2Fwp%2Fv2%2Fproduct_tag&post=9984"}],"curies":[{"name":"wp","href":"https:\/\/api.w.org\/{rel}","templated":true}]}}